{"id":11,"date":"2018-11-13T14:57:39","date_gmt":"2018-11-13T14:57:39","guid":{"rendered":"http:\/\/www.feldolgozoiparibiztonsag.hu\/?page_id=11"},"modified":"2024-07-16T12:59:27","modified_gmt":"2024-07-16T12:59:27","slug":"kepzesek","status":"publish","type":"page","link":"https:\/\/www.feldolgozoiparibiztonsag.hu\/index.php\/kepzesek\/","title":{"rendered":"K\u00e9pz\u00e9sek"},"content":{"rendered":"<\/p>\n<p style=\"text-align: justify;\">Munkav\u00e9delmi k\u00e9pvisel\u0151k k\u00e9pz\u00e9se \u2013 fafeldolgoz\u00e1s (16 \u00f3ra)<\/p>\n<p style=\"text-align: justify;\">A munkahelyi biztons\u00e1g- eg\u00e9szs\u00e9gmeg\u0151rz\u00e9s a t\u00e1rsadalom sz\u00e1m\u00e1ra alapvet\u0151 \u00e9rt\u00e9k. A munkav\u00e1llal\u00f3i eg\u00e9szs\u00e9gnek, mint \u00e9rt\u00e9knek egyre nagyobb szerepet kell tulajdon\u00edtani a modern gazdas\u00e1gok zavartalan m\u0171k\u00f6d\u00e9s\u00e9hez. A munkav\u00e1llal\u00f3k lelki \u00e9s fizik\u00e1lis eg\u00e9szs\u00e9ge, ennek folyamatos t\u00e1mogat\u00e1sa hozz\u00e1j\u00e1rul a munkaszervezet hat\u00e9kony m\u0171k\u00f6d\u00e9s\u00e9hez, ez\u00e9rt \u00e9rdek\u00fck, hogy ezt biztos\u00edts\u00e1k munkav\u00e1llal\u00f3ik sz\u00e1m\u00e1ra. Ennek seg\u00edt\u00e9s\u00e9re \u00e9s ellen\u0151rz\u00e9s\u00e9re a munkav\u00e9delmi k\u00e9pvisel\u0151 szolg\u00e1l.<\/p>\n<p style=\"text-align: justify;\">Munkav\u00e9delmi k\u00e9pvisel\u0151k k\u00e9pz\u00e9se, kompetenci\u00e1inak fejleszt\u00e9se kiemelten fontos a feldolgoz\u00f3iparban. \u00cdgy a k\u00e9pz\u00e9s c\u00e9lja volt azon munkav\u00e9delmi k\u00e9pvisel\u0151k kompetenci\u00e1inak fejleszt\u00e9se, akik ezen ter\u00fcleten dolgoznak, a fokozott munkav\u00e9delem \u00e9rdek\u00e9ben.<\/p>\n<p style=\"text-align: justify;\">A 2019.11.28.\u2013 2019.11.29. k\u00f6z\u00f6tt megval\u00f3sult k\u00e9pz\u00e9sre 12 f\u0151 szakember jelentkezett \u00e9s tett sikeres vizsg\u00e1t a z\u00e1r\u00e1s alkalm\u00e1val.<\/p>\n<h3>\u00a0<\/h3>\n<h3 style=\"text-align: center;\">Tatab\u00e1nya &#8211; 2019.11.28.<\/h3>\n\n\n<figure class=\"wp-block-gallery has-nested-images columns-default is-cropped wp-block-gallery-1 is-layout-flex wp-block-gallery-is-layout-flex\">\n<figure class=\"wp-block-image size-large\"><a href=\"https:\/\/www.feldolgozoiparibiztonsag.hu\/wp-content\/uploads\/2020\/02\/IMG_1109-scaled.jpg\"><img loading=\"lazy\" decoding=\"async\" width=\"1024\" height=\"768\" data-id=\"515\" src=\"https:\/\/www.feldolgozoiparibiztonsag.hu\/wp-content\/uploads\/2020\/02\/IMG_1109-1024x768.jpg\" alt=\"\" class=\"wp-image-515\" srcset=\"https:\/\/www.feldolgozoiparibiztonsag.hu\/wp-content\/uploads\/2020\/02\/IMG_1109-1024x768.jpg 1024w, https:\/\/www.feldolgozoiparibiztonsag.hu\/wp-content\/uploads\/2020\/02\/IMG_1109-300x225.jpg 300w, https:\/\/www.feldolgozoiparibiztonsag.hu\/wp-content\/uploads\/2020\/02\/IMG_1109-768x576.jpg 768w, https:\/\/www.feldolgozoiparibiztonsag.hu\/wp-content\/uploads\/2020\/02\/IMG_1109-1536x1152.jpg 1536w, https:\/\/www.feldolgozoiparibiztonsag.hu\/wp-content\/uploads\/2020\/02\/IMG_1109-2048x1536.jpg 2048w, https:\/\/www.feldolgozoiparibiztonsag.hu\/wp-content\/uploads\/2020\/02\/IMG_1109-1140x855.jpg 1140w\" sizes=\"auto, (max-width: 1024px) 100vw, 1024px\" \/><\/a><\/figure>\n\n\n\n<figure class=\"wp-block-image size-large\"><a href=\"https:\/\/www.feldolgozoiparibiztonsag.hu\/wp-content\/uploads\/2020\/02\/IMG_1113-1-scaled.jpg\"><img loading=\"lazy\" decoding=\"async\" width=\"1024\" height=\"768\" data-id=\"516\" src=\"https:\/\/www.feldolgozoiparibiztonsag.hu\/wp-content\/uploads\/2020\/02\/IMG_1113-1-1024x768.jpg\" alt=\"\" class=\"wp-image-516\" srcset=\"https:\/\/www.feldolgozoiparibiztonsag.hu\/wp-content\/uploads\/2020\/02\/IMG_1113-1-1024x768.jpg 1024w, https:\/\/www.feldolgozoiparibiztonsag.hu\/wp-content\/uploads\/2020\/02\/IMG_1113-1-300x225.jpg 300w, https:\/\/www.feldolgozoiparibiztonsag.hu\/wp-content\/uploads\/2020\/02\/IMG_1113-1-768x576.jpg 768w, https:\/\/www.feldolgozoiparibiztonsag.hu\/wp-content\/uploads\/2020\/02\/IMG_1113-1-1536x1152.jpg 1536w, https:\/\/www.feldolgozoiparibiztonsag.hu\/wp-content\/uploads\/2020\/02\/IMG_1113-1-2048x1536.jpg 2048w, https:\/\/www.feldolgozoiparibiztonsag.hu\/wp-content\/uploads\/2020\/02\/IMG_1113-1-1140x855.jpg 1140w\" sizes=\"auto, (max-width: 1024px) 100vw, 1024px\" \/><\/a><\/figure>\n\n\n\n<figure class=\"wp-block-image size-large\"><a href=\"https:\/\/www.feldolgozoiparibiztonsag.hu\/wp-content\/uploads\/2020\/02\/IMG_1133-scaled-e1582104308468.jpg\"><img loading=\"lazy\" decoding=\"async\" width=\"768\" height=\"1024\" data-id=\"514\" src=\"https:\/\/www.feldolgozoiparibiztonsag.hu\/wp-content\/uploads\/2020\/02\/IMG_1133-scaled-e1582104308468-768x1024.jpg\" alt=\"\" class=\"wp-image-514\" srcset=\"https:\/\/www.feldolgozoiparibiztonsag.hu\/wp-content\/uploads\/2020\/02\/IMG_1133-scaled-e1582104308468-768x1024.jpg 768w, https:\/\/www.feldolgozoiparibiztonsag.hu\/wp-content\/uploads\/2020\/02\/IMG_1133-scaled-e1582104308468-225x300.jpg 225w, https:\/\/www.feldolgozoiparibiztonsag.hu\/wp-content\/uploads\/2020\/02\/IMG_1133-scaled-e1582104308468-1152x1536.jpg 1152w, https:\/\/www.feldolgozoiparibiztonsag.hu\/wp-content\/uploads\/2020\/02\/IMG_1133-scaled-e1582104308468-1536x2048.jpg 1536w, https:\/\/www.feldolgozoiparibiztonsag.hu\/wp-content\/uploads\/2020\/02\/IMG_1133-scaled-e1582104308468-1140x1520.jpg 1140w, https:\/\/www.feldolgozoiparibiztonsag.hu\/wp-content\/uploads\/2020\/02\/IMG_1133-scaled-e1582104308468.jpg 1920w\" sizes=\"auto, (max-width: 768px) 100vw, 768px\" \/><\/a><\/figure>\n<\/figure>\n\n\n<h5>&nbsp;<\/h5>\n<h3 style=\"text-align: center;\">Tatab\u00e1nya &#8211; 2019.11.29.<\/h3>\n\n\n<figure class=\"wp-block-gallery has-nested-images columns-default is-cropped wp-block-gallery-2 is-layout-flex wp-block-gallery-is-layout-flex\">\n<figure class=\"wp-block-image size-large\"><a href=\"https:\/\/www.feldolgozoiparibiztonsag.hu\/wp-content\/uploads\/2020\/02\/IMG_5650-3-scaled-e1582104661138.jpg\"><img loading=\"lazy\" decoding=\"async\" width=\"1024\" height=\"768\" data-id=\"526\" src=\"https:\/\/www.feldolgozoiparibiztonsag.hu\/wp-content\/uploads\/2020\/02\/IMG_5650-3-scaled-e1582104661138-1024x768.jpg\" alt=\"\" class=\"wp-image-526\" srcset=\"https:\/\/www.feldolgozoiparibiztonsag.hu\/wp-content\/uploads\/2020\/02\/IMG_5650-3-scaled-e1582104661138-1024x768.jpg 1024w, https:\/\/www.feldolgozoiparibiztonsag.hu\/wp-content\/uploads\/2020\/02\/IMG_5650-3-scaled-e1582104661138-300x225.jpg 300w, https:\/\/www.feldolgozoiparibiztonsag.hu\/wp-content\/uploads\/2020\/02\/IMG_5650-3-scaled-e1582104661138-768x576.jpg 768w, https:\/\/www.feldolgozoiparibiztonsag.hu\/wp-content\/uploads\/2020\/02\/IMG_5650-3-scaled-e1582104661138-1536x1152.jpg 1536w, https:\/\/www.feldolgozoiparibiztonsag.hu\/wp-content\/uploads\/2020\/02\/IMG_5650-3-scaled-e1582104661138-2048x1536.jpg 2048w, https:\/\/www.feldolgozoiparibiztonsag.hu\/wp-content\/uploads\/2020\/02\/IMG_5650-3-scaled-e1582104661138-1140x855.jpg 1140w\" sizes=\"auto, (max-width: 1024px) 100vw, 1024px\" \/><\/a><\/figure>\n\n\n\n<figure class=\"wp-block-image size-large\"><a href=\"https:\/\/www.feldolgozoiparibiztonsag.hu\/wp-content\/uploads\/2020\/02\/IMG_5610-2-scaled.jpg\"><img loading=\"lazy\" decoding=\"async\" width=\"1024\" height=\"506\" data-id=\"525\" src=\"https:\/\/www.feldolgozoiparibiztonsag.hu\/wp-content\/uploads\/2020\/02\/IMG_5610-2-1024x506.jpg\" alt=\"\" class=\"wp-image-525\" srcset=\"https:\/\/www.feldolgozoiparibiztonsag.hu\/wp-content\/uploads\/2020\/02\/IMG_5610-2-1024x506.jpg 1024w, https:\/\/www.feldolgozoiparibiztonsag.hu\/wp-content\/uploads\/2020\/02\/IMG_5610-2-300x148.jpg 300w, https:\/\/www.feldolgozoiparibiztonsag.hu\/wp-content\/uploads\/2020\/02\/IMG_5610-2-768x380.jpg 768w, https:\/\/www.feldolgozoiparibiztonsag.hu\/wp-content\/uploads\/2020\/02\/IMG_5610-2-1536x760.jpg 1536w, https:\/\/www.feldolgozoiparibiztonsag.hu\/wp-content\/uploads\/2020\/02\/IMG_5610-2-2048x1013.jpg 2048w, https:\/\/www.feldolgozoiparibiztonsag.hu\/wp-content\/uploads\/2020\/02\/IMG_5610-2-1140x564.jpg 1140w\" sizes=\"auto, (max-width: 1024px) 100vw, 1024px\" \/><\/a><\/figure>\n\n\n\n<figure class=\"wp-block-image size-large\"><a href=\"https:\/\/www.feldolgozoiparibiztonsag.hu\/wp-content\/uploads\/2020\/02\/IMG_5607-3-scaled-e1582104644717.jpg\"><img loading=\"lazy\" decoding=\"async\" width=\"1024\" height=\"768\" data-id=\"524\" src=\"https:\/\/www.feldolgozoiparibiztonsag.hu\/wp-content\/uploads\/2020\/02\/IMG_5607-3-scaled-e1582104644717-1024x768.jpg\" alt=\"\" class=\"wp-image-524\" srcset=\"https:\/\/www.feldolgozoiparibiztonsag.hu\/wp-content\/uploads\/2020\/02\/IMG_5607-3-scaled-e1582104644717-1024x768.jpg 1024w, https:\/\/www.feldolgozoiparibiztonsag.hu\/wp-content\/uploads\/2020\/02\/IMG_5607-3-scaled-e1582104644717-300x225.jpg 300w, https:\/\/www.feldolgozoiparibiztonsag.hu\/wp-content\/uploads\/2020\/02\/IMG_5607-3-scaled-e1582104644717-768x576.jpg 768w, https:\/\/www.feldolgozoiparibiztonsag.hu\/wp-content\/uploads\/2020\/02\/IMG_5607-3-scaled-e1582104644717-1536x1152.jpg 1536w, https:\/\/www.feldolgozoiparibiztonsag.hu\/wp-content\/uploads\/2020\/02\/IMG_5607-3-scaled-e1582104644717-2048x1536.jpg 2048w, https:\/\/www.feldolgozoiparibiztonsag.hu\/wp-content\/uploads\/2020\/02\/IMG_5607-3-scaled-e1582104644717-1140x855.jpg 1140w\" sizes=\"auto, (max-width: 1024px) 100vw, 1024px\" \/><\/a><\/figure>\n<\/figure>\n","protected":false},"excerpt":{"rendered":"<p>Munkav\u00e9delmi k\u00e9pvisel\u0151k k\u00e9pz\u00e9se \u2013 fafeldolgoz\u00e1s (16 \u00f3ra) A munkahelyi biztons\u00e1g- eg\u00e9szs\u00e9gmeg\u0151rz\u00e9s a t\u00e1rsadalom sz\u00e1m\u00e1ra alapvet\u0151 \u00e9rt\u00e9k. A munkav\u00e1llal\u00f3i eg\u00e9szs\u00e9gnek, mint \u00e9rt\u00e9knek egyre nagyobb szerepet kell tulajdon\u00edtani a modern gazdas\u00e1gok zavartalan m\u0171k\u00f6d\u00e9s\u00e9hez. A munkav\u00e1llal\u00f3k lelki \u00e9s fizik\u00e1lis eg\u00e9szs\u00e9ge, ennek folyamatos t\u00e1mogat\u00e1sa hozz\u00e1j\u00e1rul a munkaszervezet hat\u00e9kony m\u0171k\u00f6d\u00e9s\u00e9hez, ez\u00e9rt \u00e9rdek\u00fck, hogy ezt biztos\u00edts\u00e1k munkav\u00e1llal\u00f3ik sz\u00e1m\u00e1ra. Ennek seg\u00edt\u00e9s\u00e9re \u00e9s ellen\u0151rz\u00e9s\u00e9re a munkav\u00e9delmi k\u00e9pvisel\u0151 szolg\u00e1l. Munkav\u00e9delmi k\u00e9pvisel\u0151k k\u00e9pz\u00e9se, kompetenci\u00e1inak fejleszt\u00e9se kiemelten fontos a feldolgoz\u00f3iparban. \u00cdgy a k\u00e9pz\u00e9s c\u00e9lja volt azon munkav\u00e9delmi k\u00e9pvisel\u0151k kompetenci\u00e1inak fejleszt\u00e9se, akik ezen ter\u00fcleten dolgoznak, a fokozott munkav\u00e9delem \u00e9rdek\u00e9ben. A 2019.11.28.\u2013 2019.11.29. k\u00f6z\u00f6tt megval\u00f3sult k\u00e9pz\u00e9sre 12 f\u0151 szakember jelentkezett \u00e9s tett sikeres vizsg\u00e1t a z\u00e1r\u00e1s alkalm\u00e1val. \u00a0 Tatab\u00e1nya &#8211; 2019.11.28. &nbsp; Tatab\u00e1nya &#8211; 2019.11.29.<\/p>\n","protected":false},"author":2,"featured_media":0,"parent":0,"menu_order":0,"comment_status":"closed","ping_status":"closed","template":"","meta":{"footnotes":""},"class_list":["post-11","page","type-page","status-publish","hentry"],"_links":{"self":[{"href":"https:\/\/www.feldolgozoiparibiztonsag.hu\/index.php\/wp-json\/wp\/v2\/pages\/11","targetHints":{"allow":["GET"]}}],"collection":[{"href":"https:\/\/www.feldolgozoiparibiztonsag.hu\/index.php\/wp-json\/wp\/v2\/pages"}],"about":[{"href":"https:\/\/www.feldolgozoiparibiztonsag.hu\/index.php\/wp-json\/wp\/v2\/types\/page"}],"author":[{"embeddable":true,"href":"https:\/\/www.feldolgozoiparibiztonsag.hu\/index.php\/wp-json\/wp\/v2\/users\/2"}],"replies":[{"embeddable":true,"href":"https:\/\/www.feldolgozoiparibiztonsag.hu\/index.php\/wp-json\/wp\/v2\/comments?post=11"}],"version-history":[{"count":11,"href":"https:\/\/www.feldolgozoiparibiztonsag.hu\/index.php\/wp-json\/wp\/v2\/pages\/11\/revisions"}],"predecessor-version":[{"id":777,"href":"https:\/\/www.feldolgozoiparibiztonsag.hu\/index.php\/wp-json\/wp\/v2\/pages\/11\/revisions\/777"}],"wp:attachment":[{"href":"https:\/\/www.feldolgozoiparibiztonsag.hu\/index.php\/wp-json\/wp\/v2\/media?parent=11"}],"curies":[{"name":"wp","href":"https:\/\/api.w.org\/{rel}","templated":true}]}}