{"id":13,"date":"2018-11-13T14:57:48","date_gmt":"2018-11-13T14:57:48","guid":{"rendered":"http:\/\/www.feldolgozoiparibiztonsag.hu\/?page_id=13"},"modified":"2024-07-16T13:05:54","modified_gmt":"2024-07-16T13:05:54","slug":"projekt","status":"publish","type":"page","link":"https:\/\/www.feldolgozoiparibiztonsag.hu\/","title":{"rendered":"Projekt"},"content":{"rendered":"<div>\n<h4 style=\"text-align: center;\"><strong>Munkabiztons\u00e1g \u00e9s a munkaeg\u00e9szs\u00e9g\u00fcgy komplex fejleszt\u00e9se a feldolgoz\u00f3ipar eset\u00e9ben<\/strong><\/h4>\n<p style=\"text-align: center;\">fafeldolgoz\u00e1s, fonott\u00e1ru gy\u00e1rt\u00e1sa; pap\u00edr, pap\u00edrterm\u00e9k gy\u00e1rt\u00e1sa, nyomdai \u00e9s egy\u00e9b sokszoros\u00edt\u00e1si tev\u00e9kenys\u00e9g \u00e9s b\u00fatorgy\u00e1rt\u00e1s nemzetgazdas\u00e1gi al\u00e1gazatok ter\u00e9n<\/p>\n<\/div>\n<div><\/div>\n<div><\/div>\n<div><\/div>\n<div style=\"text-align: justify;\">\n<p>A munka \u00e9s a munkahelyi k\u00f6rnyezet egy \u00f6sszetett t\u00e1rsadalmi jelens\u00e9g. Az eg\u00e9szs\u00e9gk\u00e1rosod\u00e1st jelent\u0151 vesz\u00e9lyek \u00e9s a munkahelyi balesetek \u00f6sszetett t\u00e9nyez\u0151k hat\u00e1s\u00e1ra alakulnak ki, adott nemzetgazdas\u00e1gi \u00e1gazat specializ\u00e1ci\u00f3i pedig, ezen heterog\u00e9n \u00f6sszef\u00fcgg\u00e9seket is tov\u00e1bb \u00e1rnyalj\u00e1k. A \u201efeldolgoz\u00f3ipar\u201d nemzetgazdas\u00e1gi \u00e1gazat egy folyamatosan n\u00f6vekv\u0151 szektor, mely mindm\u00e1ig az egyik legvesz\u00e9lyesebb a gazdas\u00e1gban. Az \u00e1gazati szerepl\u0151k sz\u00e1mos vesz\u00e9lyforr\u00e1ssal \u00e9s kih\u00edv\u00e1ssal szembes\u00fclnek a napi munka sor\u00e1n, ilyen az id\u0151k\u00e9nyszerb\u0151l, a m\u00e1sok ir\u00e1nt viselt felel\u0151ss\u00e9gb\u0151l \u00e9s az \u00e9letvesz\u00e9lyb\u0151l fakad\u00f3 stressz, az esetleges fizikai vesz\u00e9lyforr\u00e1sok, tov\u00e1bbi relev\u00e1ns t\u00e9nyez\u0151k a test t\u00falzott ig\u00e9nybev\u00e9tele, a f\u00e1rads\u00e1g, az er\u0151szak.<\/p>\n<p>Jelen t\u00e1mogat\u00e1si k\u00e9relem c\u00e9lja a munkabiztons\u00e1g \u00e9s a munkaeg\u00e9szs\u00e9g\u00fcgy komplex fejleszt\u00e9se, mely a k\u00f6vetkez\u0151 tev\u00e9kenys\u00e9gek ment\u00e9n ker\u00fcl megval\u00f3s\u00edt\u00e1sra: t\u00e1j\u00e9koztat\u00f3 kiadv\u00e1nyok elk\u00e9sz\u00edt\u00e9se \u00e9s terjeszt\u00e9se az \u00e9rintett (al)\u00e1gazatok munkav\u00e1llal\u00f3i \u00e9s munk\u00e1ltat\u00f3i sz\u00e1m\u00e1ra; online munkav\u00e9delmi eszk\u00f6z\u00f6k l\u00e9trehoz\u00e1sa, munkav\u00e9delmi tematik\u00e1j\u00fa rendezv\u00e9nyek megszervez\u00e9se \u00e9s megval\u00f3s\u00edt\u00e1sa; munkav\u00e9delmi k\u00e9pvisel\u0151k k\u00e9pz\u00e9s\u00e9nek lebonyol\u00edt\u00e1sa; valamint a t\u00e1mogat\u00e1si k\u00e9relemben meghat\u00e1rozott \u00e1gazatokban t\u00f6rt\u00e9n\u0151 kutat\u00e1sok lebonyol\u00edt\u00e1sa.<\/p>\n<p>Honlap el\u00e9rhet\u0151s\u00e9ge:<a href=\"http:\/\/www.munkavedelem-feldolgozoipar.hu\/\" target=\"_blank\" rel=\"noopener\"> http:\/\/www.munkavedelem-feldolgozoipar.hu\/<\/a><\/p>\n<p><strong>Projekt alapadatai:<\/strong><\/p>\n<p>P\u00e1ly\u00e1z\u00f3 neve: Magyar Iparsz\u00f6vets\u00e9g<\/p>\n<p>Konzorciumi partnerek: Munk\u00e1stan\u00e1csok Orsz\u00e1gos Sz\u00f6vets\u00e9ge \u00e9s \u00c9rtelmis\u00e9gi Szakszervezeti T\u00f6m\u00f6r\u00fcl\u00e9s<\/p>\n<p>Szerz\u0151d\u00e9s sz\u00e1ma: GINOP-5.3.4-16-2018-00037<\/p>\n<p>Projekt c\u00edme: Munkabiztons\u00e1g \u00e9s a munkaeg\u00e9szs\u00e9g\u00fcgy komplex fejleszt\u00e9se a feldolgoz\u00f3ipar eset\u00e9be: fafeldolgoz\u00e1s, fotott\u00e1ru gy\u00e1rt\u00e1sa, pap\u00edr, pap\u00edrterm\u00e9kek gy\u00e1rt\u00e1sa, nyomdai \u00e9s egy\u00e9b sokszoros\u00edt\u00e1si tev\u00e9kenys\u00e9g \u00e9s b\u00fatorgy\u00e1rt\u00e1s nemzetgazdas\u00e1gi al\u00e1gazatok ter\u00e9n<\/p>\n<p>A projekt megval\u00f3s\u00edt\u00e1s\u00e1nak kezdete: 2018.06.01.<\/p>\n<p>A projekt fizikai befejez\u00e9s\u00e9nek hat\u00e1rideje: 2019.11.30.<\/p>\n<p>P\u00e1ly\u00e1z\u00f3 neve:\u00a0 Magyar Iparsz\u00f6vets\u00e9g<\/p>\n<p>Projekt megnevez\u00e9se: Munkabiztons\u00e1g \u00e9s a munkaeg\u00e9szs\u00e9g\u00fcgy komplex fejleszt\u00e9se a feldolgoz\u00f3ipar eset\u00e9ben: fafeldolgoz\u00e1s, fonott\u00e1ru gy\u00e1rt\u00e1sa; pap\u00edr, pap\u00edrterm\u00e9k gy\u00e1rt\u00e1sa, nyomdai \u00e9s egy\u00e9b sokszoros\u00edt\u00e1si tev\u00e9kenys\u00e9g \u00e9s b\u00fatorgy\u00e1rt\u00e1s nemzetgazdas\u00e1gi al\u00e1gazatok ter\u00e9n.<\/p>\n<p>OP n\u00e9v: GINOP<\/p>\n<p>P\u00e1ly\u00e1zati ki\u00edr\u00e1s megnevez\u00e9se: GINOP-5.3.4-16 &#8211; A munkahelyi eg\u00e9szs\u00e9g \u00e9s biztons\u00e1g fejleszt\u00e9se<\/p>\n<p>Projekt helysz\u00edne (r\u00e9gi\u00f3): K\u00f6z\u00e9p-Dun\u00e1nt\u00fal<\/p>\n<p>Projekt helysz\u00edne (megye): Kom\u00e1rom-Esztergom<\/p>\n<p>Projekt helysz\u00edne (telep\u00fcl\u00e9s): Tatab\u00e1nya<\/p>\n<p>Meg\u00edt\u00e9lt \u00f6sszeg: 103 952 580 Ft<\/p>\n<p>T\u00e1mogat\u00e1s ar\u00e1nya: 100<\/p>\n<p>T\u00e1mogat\u00e1si d\u00f6nt\u00e9s d\u00e1tuma: 2018.04.04<\/p>\n<p>Forr\u00e1s: ESZA<\/p>\n<p>Orsz\u00e1g:\u00a0 Magyarorsz\u00e1g<\/p>\n<p>Uni\u00f3s t\u00e1rsfinansz\u00edroz\u00e1si r\u00e1ta: 85,999996 &#8211; ESZA<\/p>\n<p>Projekt \u00f6sszk\u00f6lts\u00e9g: 103 952 580 Ft<\/p>\n<\/div>\n","protected":false},"excerpt":{"rendered":"<p>Munkabiztons\u00e1g \u00e9s a munkaeg\u00e9szs\u00e9g\u00fcgy komplex fejleszt\u00e9se a feldolgoz\u00f3ipar eset\u00e9ben fafeldolgoz\u00e1s, fonott\u00e1ru gy\u00e1rt\u00e1sa; pap\u00edr, pap\u00edrterm\u00e9k gy\u00e1rt\u00e1sa, nyomdai \u00e9s egy\u00e9b sokszoros\u00edt\u00e1si tev\u00e9kenys\u00e9g \u00e9s b\u00fatorgy\u00e1rt\u00e1s nemzetgazdas\u00e1gi al\u00e1gazatok ter\u00e9n A munka \u00e9s a munkahelyi k\u00f6rnyezet egy \u00f6sszetett t\u00e1rsadalmi jelens\u00e9g. Az eg\u00e9szs\u00e9gk\u00e1rosod\u00e1st jelent\u0151 vesz\u00e9lyek \u00e9s a munkahelyi balesetek \u00f6sszetett t\u00e9nyez\u0151k hat\u00e1s\u00e1ra alakulnak ki, adott nemzetgazdas\u00e1gi \u00e1gazat specializ\u00e1ci\u00f3i pedig, ezen heterog\u00e9n \u00f6sszef\u00fcgg\u00e9seket is tov\u00e1bb \u00e1rnyalj\u00e1k. A \u201efeldolgoz\u00f3ipar\u201d nemzetgazdas\u00e1gi \u00e1gazat egy folyamatosan n\u00f6vekv\u0151 szektor, mely mindm\u00e1ig az egyik legvesz\u00e9lyesebb a gazdas\u00e1gban. Az \u00e1gazati szerepl\u0151k sz\u00e1mos vesz\u00e9lyforr\u00e1ssal \u00e9s kih\u00edv\u00e1ssal szembes\u00fclnek a napi munka sor\u00e1n, ilyen az id\u0151k\u00e9nyszerb\u0151l, a m\u00e1sok ir\u00e1nt viselt felel\u0151ss\u00e9gb\u0151l \u00e9s az \u00e9letvesz\u00e9lyb\u0151l fakad\u00f3 stressz, az esetleges fizikai vesz\u00e9lyforr\u00e1sok, tov\u00e1bbi relev\u00e1ns t\u00e9nyez\u0151k a test t\u00falzott ig\u00e9nybev\u00e9tele, a f\u00e1rads\u00e1g, az er\u0151szak. Jelen t\u00e1mogat\u00e1si k\u00e9relem c\u00e9lja a munkabiztons\u00e1g \u00e9s a munkaeg\u00e9szs\u00e9g\u00fcgy komplex fejleszt\u00e9se, mely a k\u00f6vetkez\u0151 tev\u00e9kenys\u00e9gek ment\u00e9n ker\u00fcl megval\u00f3s\u00edt\u00e1sra: t\u00e1j\u00e9koztat\u00f3 kiadv\u00e1nyok elk\u00e9sz\u00edt\u00e9se \u00e9s terjeszt\u00e9se az \u00e9rintett (al)\u00e1gazatok munkav\u00e1llal\u00f3i \u00e9s munk\u00e1ltat\u00f3i sz\u00e1m\u00e1ra; online munkav\u00e9delmi eszk\u00f6z\u00f6k l\u00e9trehoz\u00e1sa, munkav\u00e9delmi tematik\u00e1j\u00fa rendezv\u00e9nyek megszervez\u00e9se \u00e9s megval\u00f3s\u00edt\u00e1sa; munkav\u00e9delmi k\u00e9pvisel\u0151k k\u00e9pz\u00e9s\u00e9nek lebonyol\u00edt\u00e1sa; valamint a t\u00e1mogat\u00e1si k\u00e9relemben meghat\u00e1rozott \u00e1gazatokban t\u00f6rt\u00e9n\u0151 kutat\u00e1sok lebonyol\u00edt\u00e1sa. Honlap el\u00e9rhet\u0151s\u00e9ge: http:\/\/www.munkavedelem-feldolgozoipar.hu\/ Projekt alapadatai: P\u00e1ly\u00e1z\u00f3 neve: Magyar Iparsz\u00f6vets\u00e9g Konzorciumi partnerek: Munk\u00e1stan\u00e1csok Orsz\u00e1gos Sz\u00f6vets\u00e9ge \u00e9s \u00c9rtelmis\u00e9gi Szakszervezeti T\u00f6m\u00f6r\u00fcl\u00e9s Szerz\u0151d\u00e9s sz\u00e1ma: GINOP-5.3.4-16-2018-00037 Projekt c\u00edme: Munkabiztons\u00e1g \u00e9s a munkaeg\u00e9szs\u00e9g\u00fcgy komplex fejleszt\u00e9se a feldolgoz\u00f3ipar eset\u00e9be: fafeldolgoz\u00e1s, fotott\u00e1ru gy\u00e1rt\u00e1sa, pap\u00edr, pap\u00edrterm\u00e9kek gy\u00e1rt\u00e1sa, nyomdai \u00e9s egy\u00e9b sokszoros\u00edt\u00e1si tev\u00e9kenys\u00e9g \u00e9s b\u00fatorgy\u00e1rt\u00e1s nemzetgazdas\u00e1gi al\u00e1gazatok ter\u00e9n A projekt megval\u00f3s\u00edt\u00e1s\u00e1nak kezdete: 2018.06.01. A projekt fizikai befejez\u00e9s\u00e9nek hat\u00e1rideje: 2019.11.30. P\u00e1ly\u00e1z\u00f3 neve:\u00a0 Magyar Iparsz\u00f6vets\u00e9g Projekt megnevez\u00e9se: Munkabiztons\u00e1g \u00e9s a munkaeg\u00e9szs\u00e9g\u00fcgy komplex fejleszt\u00e9se a feldolgoz\u00f3ipar eset\u00e9ben: fafeldolgoz\u00e1s, fonott\u00e1ru gy\u00e1rt\u00e1sa; pap\u00edr, pap\u00edrterm\u00e9k gy\u00e1rt\u00e1sa, nyomdai \u00e9s egy\u00e9b sokszoros\u00edt\u00e1si tev\u00e9kenys\u00e9g \u00e9s b\u00fatorgy\u00e1rt\u00e1s nemzetgazdas\u00e1gi al\u00e1gazatok ter\u00e9n. OP n\u00e9v: GINOP P\u00e1ly\u00e1zati ki\u00edr\u00e1s megnevez\u00e9se: GINOP-5.3.4-16 &#8211; A munkahelyi eg\u00e9szs\u00e9g \u00e9s biztons\u00e1g fejleszt\u00e9se Projekt helysz\u00edne (r\u00e9gi\u00f3): K\u00f6z\u00e9p-Dun\u00e1nt\u00fal Projekt helysz\u00edne (megye): Kom\u00e1rom-Esztergom Projekt helysz\u00edne (telep\u00fcl\u00e9s): Tatab\u00e1nya Meg\u00edt\u00e9lt \u00f6sszeg: 103 952 580 Ft T\u00e1mogat\u00e1s ar\u00e1nya: 100 T\u00e1mogat\u00e1si d\u00f6nt\u00e9s d\u00e1tuma: 2018.04.04 Forr\u00e1s: ESZA Orsz\u00e1g:\u00a0 Magyarorsz\u00e1g Uni\u00f3s t\u00e1rsfinansz\u00edroz\u00e1si r\u00e1ta: 85,999996 &#8211; ESZA Projekt \u00f6sszk\u00f6lts\u00e9g: 103 952 580 Ft<\/p>\n","protected":false},"author":2,"featured_media":0,"parent":0,"menu_order":0,"comment_status":"closed","ping_status":"closed","template":"","meta":{"footnotes":""},"class_list":["post-13","page","type-page","status-publish","hentry"],"_links":{"self":[{"href":"https:\/\/www.feldolgozoiparibiztonsag.hu\/index.php\/wp-json\/wp\/v2\/pages\/13","targetHints":{"allow":["GET"]}}],"collection":[{"href":"https:\/\/www.feldolgozoiparibiztonsag.hu\/index.php\/wp-json\/wp\/v2\/pages"}],"about":[{"href":"https:\/\/www.feldolgozoiparibiztonsag.hu\/index.php\/wp-json\/wp\/v2\/types\/page"}],"author":[{"embeddable":true,"href":"https:\/\/www.feldolgozoiparibiztonsag.hu\/index.php\/wp-json\/wp\/v2\/users\/2"}],"replies":[{"embeddable":true,"href":"https:\/\/www.feldolgozoiparibiztonsag.hu\/index.php\/wp-json\/wp\/v2\/comments?post=13"}],"version-history":[{"count":12,"href":"https:\/\/www.feldolgozoiparibiztonsag.hu\/index.php\/wp-json\/wp\/v2\/pages\/13\/revisions"}],"predecessor-version":[{"id":672,"href":"https:\/\/www.feldolgozoiparibiztonsag.hu\/index.php\/wp-json\/wp\/v2\/pages\/13\/revisions\/672"}],"wp:attachment":[{"href":"https:\/\/www.feldolgozoiparibiztonsag.hu\/index.php\/wp-json\/wp\/v2\/media?parent=13"}],"curies":[{"name":"wp","href":"https:\/\/api.w.org\/{rel}","templated":true}]}}