{"id":19,"date":"2018-11-13T14:58:26","date_gmt":"2018-11-13T14:58:26","guid":{"rendered":"http:\/\/www.feldolgozoiparibiztonsag.hu\/?page_id=19"},"modified":"2024-07-16T13:04:05","modified_gmt":"2024-07-16T13:04:05","slug":"szakmai-tartalmak","status":"publish","type":"page","link":"https:\/\/www.feldolgozoiparibiztonsag.hu\/index.php\/szakmai-tartalmak\/","title":{"rendered":"Kiadv\u00e1nyok"},"content":{"rendered":"<p>\u00a0<\/p>\n<p><strong>A hat\u00e9konys\u00e1g \u00e9s a munkav\u00e9delem \u00f6sszef\u00fcgg\u00e9sei:<\/strong><\/p>\n<div class=\"page\" title=\"Page 4\">\n<div class=\"layoutArea\">\n<div class=\"column\">\n<p style=\"text-align: justify;\">A munkahelyi biztons\u00e1g, -eg\u00e9szs\u00e9gmeg\u0151rz\u00e9snek kiemelked\u0151 szerepe van egy v\u00e1llalkoz\u00e1s m\u0171k\u00f6d\u00e9se szempontj\u00e1b\u00f3l. Egy v\u00e1llalat munkabiztons\u00e1g\u00e1nak \u00e1llapota, sz\u00ednvonala manaps\u00e1g egyik indik\u00e1tor\u00e1v\u00e1 v\u00e1lt a v\u00e1llalati sikeress\u00e9gnek.\u00a0A gazd\u00e1lkod\u00f3 szervezeteknek, v\u00e1llalatoknak, munkaad\u00f3knak egy alapvet\u0151 felel\u0151ss\u00e9g\u00fck van a munkav\u00e1llal\u00f3ik eg\u00e9szs\u00e9ge ir\u00e1nt, mely r\u00e9sze a t\u00e1rsadalmi felel\u0151ss\u00e9gv\u00e1llal\u00e1snak&#8230;<\/p>\n<\/div>\n<\/div>\n<\/div>\n\n\n<div class=\"wp-block-file aligncenter\"><a href=\"http:\/\/www.feldolgozoiparibiztonsag.hu\/wp-content\/uploads\/2019\/01\/Kiadvany_feld_1_tordelt.pdf\" class=\"wp-block-file__button\" download>Let\u00f6lt\u00e9s<\/a><\/div>\n\n\n\n<hr class=\"wp-block-separator\"\/>\n\n\n<p><\/p>\n<p style=\"text-align: justify;\"><strong>A feldolgoz\u00f3ipari dolgoz\u00f3k jogainak gyakorl\u00e1s\u00e1hoz, feladataik teljes\u00edt\u00e9s\u00e9hez sz\u00fcks\u00e9ges ismeretek a munkav\u00e9delem t\u00fckr\u00e9ben:<\/strong><\/p>\n<div class=\"page\" title=\"Page 4\">\n<div class=\"layoutArea\">\n<div class=\"column\">\n<p style=\"text-align: justify;\">A kiadv\u00e1ny c\u00e9lcsoportja a feldolgoz\u00f3ipari dolgoz\u00f3k, els\u0151sorban az \u0151 sz\u00e1mukra \u00edr\u00f3dott.&nbsp;Az illet\u00e9kes miniszt\u00e9rium \u00e1ltal minden \u00e9vben kiadott \u201eT\u00e1j\u00e9koztat\u00f3 a munkabalesetek alakul\u00e1s\u00e1r\u00f3l a feldolgozott munkabaleseti jegyz\u0151k\u00f6nyvek alapj\u00e1n\u201d 2017. \u00e9vi kiadv\u00e1nya alapj\u00e1n meg\u00e1llap\u00edthat\u00f3, hogy az \u00f6sszes munkabaleset sz\u00e1ma a 2013-2017 k\u00f6z\u00f6tti id\u0151szakban (a feldolgozott munkabaleseti jegyz\u0151k\u00f6nyvek alapj\u00e1n a k\u00fclf\u00f6ld\u00f6n \u00e9s k\u00f6z\u00faton t\u00f6rt\u00e9nt munkabalesetekkel egy\u00fctt) folyamatosan n\u0151tt, b\u00e1r az ut\u00f3bbi k\u00e9t \u00e9vben cs\u00f6kkent a n\u00f6veked\u00e9s m\u00e9rt\u00e9ke.&nbsp;2017-ben valamivel t\u00f6bb, mint 23 ezer&nbsp;<span style=\"font-size: inherit;\">munkabalesetet jelentettek&nbsp;<\/span><span style=\"font-size: inherit;\">hat\u00f3s\u00e1gnak, ebb\u0151l 79 eset volt hal\u00e1los munkabaleset&#8230;<\/span><\/p>\n<\/div>\n<\/div>\n<\/div>\n\n\n<div class=\"wp-block-file aligncenter\"><a href=\"http:\/\/www.feldolgozoiparibiztonsag.hu\/wp-content\/uploads\/2019\/01\/Kiadvany_feld_2_tordelt-1.pdf\" class=\"wp-block-file__button\" download>Let\u00f6lt\u00e9s<\/a><\/div>\n\n\n\n<hr class=\"wp-block-separator\"\/>\n\n\n<p><\/p>\n<p style=\"text-align: justify;\"><strong>A munkav\u00e9delmi k\u00e9pvisel\u0151k feladatainak \u00f6sszefoglal\u00e1sa:<\/strong><\/p>\n<div class=\"page\" title=\"Page 4\">\n<div class=\"layoutArea\">\n<div class=\"column\">\n<p style=\"text-align: justify;\">A munkav\u00e9delem fel\u00f6leli a munkahely, a munkak\u00f6r\u00fclm\u00e9nyek, a munkav\u00e9gz\u00e9s munkabiztons\u00e1gi (m\u0171szaki), a munka-eg\u00e9szs\u00e9g\u00fcgyi (munkahelyi higi\u00e9n\u00e9s \u00e9s foglalkoz\u00e1s-eg\u00e9szs\u00e9g\u00fcgyi) k\u00f6vetelm\u00e9nyeit, szervezeti, igazgat\u00e1si, \u00e9rdekk\u00e9pviseleti, gazdas\u00e1gi, hat\u00f3s\u00e1gi vonatkoz\u00e1sait&#8230;<\/p>\n<\/div>\n<\/div>\n<\/div>\n\n\n<div class=\"wp-block-file aligncenter\"><a href=\"http:\/\/www.feldolgozoiparibiztonsag.hu\/wp-content\/uploads\/2019\/01\/Kiadvany_feld_3_tordelt.pdf\" class=\"wp-block-file__button\" download>Let\u00f6lt\u00e9s<\/a><\/div>\n\n\n\n<hr class=\"wp-block-separator\"\/>\n\n\n<p><\/p>\n<p style=\"text-align: justify;\"><strong>A munkabiztons\u00e1g, prevenci\u00f3, megel\u0151z\u00e9s eszk\u00f6zei a feldolgoz\u00f3ipari \u00e1gazatban:<\/strong><\/p>\n<div class=\"page\" title=\"Page 4\">\n<div class=\"layoutArea\">\n<div class=\"column\">\n<p style=\"text-align: justify;\">A munkav\u00e9delem fel\u00f6leli a munkahely, a munkak\u00f6r\u00fclm\u00e9nyek, a munkav\u00e9gz\u00e9s munkabiztons\u00e1gi (m\u0171szaki), a munka-eg\u00e9szs\u00e9g\u00fcgyi (munkahelyi higi\u00e9n\u00e9s \u00e9s foglalkoz\u00e1s-eg\u00e9szs\u00e9g\u00fcgyi) k\u00f6vetelm\u00e9nyeit, szervezeti, igazgat\u00e1si, \u00e9rdekk\u00e9pviseleti, gazdas\u00e1gi, hat\u00f3s\u00e1gi vonatkoz\u00e1sait&#8230;<\/p>\n<\/div>\n<\/div>\n<\/div>\n\n\n<div class=\"wp-block-file aligncenter\"><a href=\"http:\/\/www.feldolgozoiparibiztonsag.hu\/wp-content\/uploads\/2019\/01\/Kiadvany_feld_4_tordelt-1.pdf\" class=\"wp-block-file__button\" download>Let\u00f6lt\u00e9s<\/a><\/div>\n\n\n\n<hr class=\"wp-block-separator\"\/>\n\n\n<p><\/p>\n<p style=\"text-align: justify;\"><strong>A munkav\u00e9delem szerepe, jelent\u0151s\u00e9ge a munk\u00e1ltat\u00f3 \u00e9s munkav\u00e1llal\u00f3 szempontj\u00e1b\u00f3l a feldolgoz\u00f3ipari \u00e1gazatban dolgoz\u00f3k \u00e1llom\u00e1ny\u00e1nak k\u00f6r\u00e9ben, a munk\u00e1ltat\u00f3i \u00e9s a munkav\u00e1llal\u00f3i \u00e9rdekk\u00e9pviseletek felel\u0151ss\u00e9ge, teend\u0151i a munkav\u00e9delem ter\u00e9n:<\/strong><\/p>\n<div class=\"page\" title=\"Page 6\">\n<div class=\"layoutArea\">\n<div class=\"column\">\n<p style=\"text-align: justify;\">A munkav\u00e9gz\u00e9s fontos szerepet j\u00e1tszik a mindennapi \u00e9let\u00fcnkben. Munk\u00e1t csak akkor tudunk v\u00e9gezni, ha munkaer\u0151nk, illetve munkak\u00e9pess\u00e9g\u00fcnk birtok\u00e1ban vagyunk. A munkaer\u0151 nem \u00e1lland\u00f3, a munkav\u00e9gz\u00e9s sor\u00e1n elhaszn\u00e1l\u00f3dik, ez\u00e9rt azt folyamatosan \u00fajra kell termelni. Ez az \u00fajratermel\u00e9s csak olyan k\u00f6r\u00fclm\u00e9nyek mellett lehets\u00e9ges, amely biztos\u00edtja a kiel\u00e9g\u00edt\u0151 pihen\u00e9st, t\u00e1pl\u00e1lkoz\u00e1st. Emellett alapvet\u0151 felt\u00e9tel az eg\u00e9szs\u00e9g \u00e9s a testi \u00e9ps\u00e9g, illetve annak meg\u0151rz\u00e9se is&#8230;<\/p>\n<\/div>\n<\/div>\n<\/div>\n\n\n<div class=\"wp-block-file aligncenter\"><a href=\"https:\/\/www.feldolgozoiparibiztonsag.hu\/wp-content\/uploads\/2019\/07\/KIADV\u00c1NY_5-A-munkav\u00e9delem-szerepe-jelent\u0151s\u00e9ge-a-munk\u00e1ltat\u00f3i-\u00e9s-a-munkav\u00e1llal\u00f3i-\u00e9rdekk\u00e9pviselet.pdf\" class=\"wp-block-file__button\" download>Let\u00f6lt\u00e9s<\/a><\/div>\n\n\n\n<hr class=\"wp-block-separator\"\/>\n\n\n<p><\/p>\n<p style=\"text-align: justify;\"><strong>A munkahelyi eg\u00e9szs\u00e9gmeg\u0151rz\u0151, munkak\u00e9pess\u00e9g fejleszt\u0151 programok lehets\u00e9ges tartalma a feldolgoz\u00f3ipari \u00e1gazatban dolgoz\u00f3 \u00e1llom\u00e1ny k\u00f6r\u00e9ben, alkalmaz\u00e1si ter\u00fcleteik, a r\u00e9szv\u00e9telt el\u0151seg\u00edt\u0151, \u00f6szt\u00f6nz\u0151 megold\u00e1sok:<\/strong><\/p>\n<div class=\"page\" title=\"Page 6\">\n<div class=\"layoutArea\">\n<div class=\"column\">\n<p style=\"text-align: justify;\">A hat\u00e9kony munkav\u00e9delmi \u00e9s foglalkoz\u00e1s- eg\u00e9szs\u00e9g\u00fcgyi menedzsment d\u00f6nt\u0151 szerepet j\u00e1tszik a munkahelyi balesetek \u00e9s a foglalkoz\u00e1si \u00e1rtalmak cs\u00f6kkent\u00e9s\u00e9ben.&nbsp;Nemzetk\u00f6zi kutat\u00e1sok sor\u00e1n munkav\u00e9delmi szervezetek (p\u00e9ld\u00e1ul az EU-OSHA az Eur\u00f3pai Uni\u00f3 munkahelyi biztons\u00e1gi \u00e9s eg\u00e9szs\u00e9gv\u00e9delmi inform\u00e1ci\u00f3s \u00fcgyn\u00f6ks\u00e9ge) a legeredm\u00e9nyesebb munk\u00e1ltat\u00f3k gyakorlat\u00e1t alapul v\u00e9ve \u2013 az \u00f6nk\u00e9ntes munkabiztons\u00e1gi \u00e9s foglalkoz\u00e1s-eg\u00e9szs\u00e9g\u00fcgyi programok lebonyol\u00edt\u00e1s\u00e1ra ir\u00e1nyelveket adott ki, amelyekben a munk\u00e1ltat\u00f3knak a k\u00f6vetkez\u0151ket aj\u00e1nlja:<\/p>\n<\/div>\n<\/div>\n<\/div>\n\n\n<div class=\"wp-block-file aligncenter\"><a href=\"https:\/\/www.feldolgozoiparibiztonsag.hu\/wp-content\/uploads\/2019\/07\/KIADV\u00c1NY_6-A-munkahelyi-eg\u00e9szs\u00e9gmeg\u0151rz\u0151-munkak\u00e9pess\u00e9g-fejleszt\u0151-programok-lehets\u00e9ges-tartalma.pdf\" class=\"wp-block-file__button\" download>Let\u00f6lt\u00e9s<\/a><\/div>\n","protected":false},"excerpt":{"rendered":"<p>\u00a0 A hat\u00e9konys\u00e1g \u00e9s a munkav\u00e9delem \u00f6sszef\u00fcgg\u00e9sei: A munkahelyi biztons\u00e1g, -eg\u00e9szs\u00e9gmeg\u0151rz\u00e9snek kiemelked\u0151 szerepe van egy v\u00e1llalkoz\u00e1s m\u0171k\u00f6d\u00e9se szempontj\u00e1b\u00f3l. Egy v\u00e1llalat munkabiztons\u00e1g\u00e1nak \u00e1llapota, sz\u00ednvonala manaps\u00e1g egyik indik\u00e1tor\u00e1v\u00e1 v\u00e1lt a v\u00e1llalati sikeress\u00e9gnek.\u00a0A gazd\u00e1lkod\u00f3 szervezeteknek, v\u00e1llalatoknak, munkaad\u00f3knak egy alapvet\u0151 felel\u0151ss\u00e9g\u00fck van a munkav\u00e1llal\u00f3ik eg\u00e9szs\u00e9ge ir\u00e1nt, mely r\u00e9sze a t\u00e1rsadalmi felel\u0151ss\u00e9gv\u00e1llal\u00e1snak&#8230; A feldolgoz\u00f3ipari dolgoz\u00f3k jogainak gyakorl\u00e1s\u00e1hoz, feladataik teljes\u00edt\u00e9s\u00e9hez sz\u00fcks\u00e9ges ismeretek a munkav\u00e9delem t\u00fckr\u00e9ben: A kiadv\u00e1ny c\u00e9lcsoportja a feldolgoz\u00f3ipari dolgoz\u00f3k, els\u0151sorban az \u0151 sz\u00e1mukra \u00edr\u00f3dott.&nbsp;Az illet\u00e9kes miniszt\u00e9rium \u00e1ltal minden \u00e9vben kiadott \u201eT\u00e1j\u00e9koztat\u00f3 a munkabalesetek alakul\u00e1s\u00e1r\u00f3l a feldolgozott munkabaleseti jegyz\u0151k\u00f6nyvek alapj\u00e1n\u201d 2017. \u00e9vi kiadv\u00e1nya alapj\u00e1n meg\u00e1llap\u00edthat\u00f3, hogy az \u00f6sszes munkabaleset sz\u00e1ma a 2013-2017 k\u00f6z\u00f6tti id\u0151szakban (a feldolgozott munkabaleseti jegyz\u0151k\u00f6nyvek alapj\u00e1n a k\u00fclf\u00f6ld\u00f6n \u00e9s k\u00f6z\u00faton t\u00f6rt\u00e9nt munkabalesetekkel egy\u00fctt) folyamatosan n\u0151tt, b\u00e1r az ut\u00f3bbi k\u00e9t \u00e9vben cs\u00f6kkent a n\u00f6veked\u00e9s m\u00e9rt\u00e9ke.&nbsp;2017-ben valamivel t\u00f6bb, mint 23 ezer&nbsp;munkabalesetet jelentettek&nbsp;hat\u00f3s\u00e1gnak, ebb\u0151l 79 eset volt hal\u00e1los munkabaleset&#8230; A munkav\u00e9delmi k\u00e9pvisel\u0151k feladatainak \u00f6sszefoglal\u00e1sa: A munkav\u00e9delem fel\u00f6leli a munkahely, a munkak\u00f6r\u00fclm\u00e9nyek, a munkav\u00e9gz\u00e9s munkabiztons\u00e1gi (m\u0171szaki), a munka-eg\u00e9szs\u00e9g\u00fcgyi (munkahelyi higi\u00e9n\u00e9s \u00e9s foglalkoz\u00e1s-eg\u00e9szs\u00e9g\u00fcgyi) k\u00f6vetelm\u00e9nyeit, szervezeti, igazgat\u00e1si, \u00e9rdekk\u00e9pviseleti, gazdas\u00e1gi, hat\u00f3s\u00e1gi vonatkoz\u00e1sait&#8230; A munkabiztons\u00e1g, prevenci\u00f3, megel\u0151z\u00e9s eszk\u00f6zei a feldolgoz\u00f3ipari \u00e1gazatban: A munkav\u00e9delem fel\u00f6leli a munkahely, a munkak\u00f6r\u00fclm\u00e9nyek, a munkav\u00e9gz\u00e9s munkabiztons\u00e1gi (m\u0171szaki), a munka-eg\u00e9szs\u00e9g\u00fcgyi (munkahelyi higi\u00e9n\u00e9s \u00e9s foglalkoz\u00e1s-eg\u00e9szs\u00e9g\u00fcgyi) k\u00f6vetelm\u00e9nyeit, szervezeti, igazgat\u00e1si, \u00e9rdekk\u00e9pviseleti, gazdas\u00e1gi, hat\u00f3s\u00e1gi vonatkoz\u00e1sait&#8230; A munkav\u00e9delem szerepe, jelent\u0151s\u00e9ge a munk\u00e1ltat\u00f3 \u00e9s munkav\u00e1llal\u00f3 szempontj\u00e1b\u00f3l a feldolgoz\u00f3ipari \u00e1gazatban dolgoz\u00f3k \u00e1llom\u00e1ny\u00e1nak k\u00f6r\u00e9ben, a munk\u00e1ltat\u00f3i \u00e9s a munkav\u00e1llal\u00f3i \u00e9rdekk\u00e9pviseletek felel\u0151ss\u00e9ge, teend\u0151i a munkav\u00e9delem ter\u00e9n: A munkav\u00e9gz\u00e9s fontos szerepet j\u00e1tszik a mindennapi \u00e9let\u00fcnkben. Munk\u00e1t csak akkor tudunk v\u00e9gezni, ha munkaer\u0151nk, illetve munkak\u00e9pess\u00e9g\u00fcnk birtok\u00e1ban vagyunk. A munkaer\u0151 nem \u00e1lland\u00f3, a munkav\u00e9gz\u00e9s sor\u00e1n elhaszn\u00e1l\u00f3dik, ez\u00e9rt azt folyamatosan \u00fajra kell termelni. Ez az \u00fajratermel\u00e9s csak olyan k\u00f6r\u00fclm\u00e9nyek mellett lehets\u00e9ges, amely biztos\u00edtja a kiel\u00e9g\u00edt\u0151 pihen\u00e9st, t\u00e1pl\u00e1lkoz\u00e1st. Emellett alapvet\u0151 felt\u00e9tel az eg\u00e9szs\u00e9g \u00e9s a testi \u00e9ps\u00e9g, illetve annak meg\u0151rz\u00e9se is&#8230; A munkahelyi eg\u00e9szs\u00e9gmeg\u0151rz\u0151, munkak\u00e9pess\u00e9g fejleszt\u0151 programok lehets\u00e9ges tartalma a feldolgoz\u00f3ipari \u00e1gazatban dolgoz\u00f3 \u00e1llom\u00e1ny k\u00f6r\u00e9ben, alkalmaz\u00e1si ter\u00fcleteik, a r\u00e9szv\u00e9telt el\u0151seg\u00edt\u0151, \u00f6szt\u00f6nz\u0151 megold\u00e1sok: A hat\u00e9kony munkav\u00e9delmi \u00e9s foglalkoz\u00e1s- eg\u00e9szs\u00e9g\u00fcgyi menedzsment d\u00f6nt\u0151 szerepet j\u00e1tszik a munkahelyi balesetek \u00e9s a foglalkoz\u00e1si \u00e1rtalmak cs\u00f6kkent\u00e9s\u00e9ben.&nbsp;Nemzetk\u00f6zi kutat\u00e1sok sor\u00e1n munkav\u00e9delmi szervezetek (p\u00e9ld\u00e1ul az EU-OSHA az Eur\u00f3pai Uni\u00f3 munkahelyi biztons\u00e1gi \u00e9s eg\u00e9szs\u00e9gv\u00e9delmi inform\u00e1ci\u00f3s \u00fcgyn\u00f6ks\u00e9ge) a legeredm\u00e9nyesebb munk\u00e1ltat\u00f3k gyakorlat\u00e1t alapul v\u00e9ve \u2013 az \u00f6nk\u00e9ntes munkabiztons\u00e1gi \u00e9s foglalkoz\u00e1s-eg\u00e9szs\u00e9g\u00fcgyi programok lebonyol\u00edt\u00e1s\u00e1ra ir\u00e1nyelveket adott ki, amelyekben a munk\u00e1ltat\u00f3knak a k\u00f6vetkez\u0151ket aj\u00e1nlja:<\/p>\n","protected":false},"author":2,"featured_media":0,"parent":0,"menu_order":0,"comment_status":"closed","ping_status":"closed","template":"","meta":{"footnotes":""},"class_list":["post-19","page","type-page","status-publish","hentry"],"_links":{"self":[{"href":"https:\/\/www.feldolgozoiparibiztonsag.hu\/index.php\/wp-json\/wp\/v2\/pages\/19","targetHints":{"allow":["GET"]}}],"collection":[{"href":"https:\/\/www.feldolgozoiparibiztonsag.hu\/index.php\/wp-json\/wp\/v2\/pages"}],"about":[{"href":"https:\/\/www.feldolgozoiparibiztonsag.hu\/index.php\/wp-json\/wp\/v2\/types\/page"}],"author":[{"embeddable":true,"href":"https:\/\/www.feldolgozoiparibiztonsag.hu\/index.php\/wp-json\/wp\/v2\/users\/2"}],"replies":[{"embeddable":true,"href":"https:\/\/www.feldolgozoiparibiztonsag.hu\/index.php\/wp-json\/wp\/v2\/comments?post=19"}],"version-history":[{"count":35,"href":"https:\/\/www.feldolgozoiparibiztonsag.hu\/index.php\/wp-json\/wp\/v2\/pages\/19\/revisions"}],"predecessor-version":[{"id":435,"href":"https:\/\/www.feldolgozoiparibiztonsag.hu\/index.php\/wp-json\/wp\/v2\/pages\/19\/revisions\/435"}],"wp:attachment":[{"href":"https:\/\/www.feldolgozoiparibiztonsag.hu\/index.php\/wp-json\/wp\/v2\/media?parent=19"}],"curies":[{"name":"wp","href":"https:\/\/api.w.org\/{rel}","templated":true}]}}