{"id":346,"date":"2019-12-10T21:40:20","date_gmt":"2019-12-10T21:40:20","guid":{"rendered":"http:\/\/www.feldolgozoiparibiztonsag.hu\/?page_id=346"},"modified":"2024-07-16T13:10:00","modified_gmt":"2024-07-16T13:10:00","slug":"tanulmanyok","status":"publish","type":"page","link":"https:\/\/www.feldolgozoiparibiztonsag.hu\/index.php\/tanulmanyok\/","title":{"rendered":"Tanulm\u00e1nyok"},"content":{"rendered":"<p>\u00a0<\/p>\n<p><strong>Munkabiztons\u00e1gi tanulm\u00e1ny:<\/strong><\/p>\n<p style=\"text-align: justify;\">A tanulm\u00e1ny c\u00e9lja a fafeldolgoz\u00e1s, fonott \u00e1ru gy\u00e1rt\u00e1sa, pap\u00edr, pap\u00edrterm\u00e9k gy\u00e1rt\u00e1sa, nyomdai \u00e9s egy\u00e9b sokszoros\u00edt\u00e1si tev\u00e9kenys\u00e9g \u00e9s b\u00fatorgy\u00e1rt\u00e1s \u00e1gazatok munkabiztons\u00e1gi szempont\u00fa bemutat\u00e1sa&#8230;<\/p>\n\n\n<div class=\"wp-block-file\"><a href=\"https:\/\/www.feldolgozoiparibiztonsag.hu\/wp-content\/uploads\/2020\/01\/Fafeldolgoz\u00e1s_\u00c1gazat_tanulm\u00e1ny_munkabiztons\u00e1g.pdf\" class=\"wp-block-file__button\" download>Let\u00f6lt\u00e9s<\/a><\/div>\n\n\n\n<hr class=\"wp-block-separator\"\/>\n\n\n<p>\u00a0<\/p>\n<p><strong>Munkaeg\u00e9szs\u00e9g\u00fcgyi tanulm\u00e1ny:<\/strong><\/p>\n<p style=\"text-align: justify;\">A tanulm\u00e1ny c\u00e9lja a fafeldolgoz\u00e1s, fonott \u00e1ru gy\u00e1rt\u00e1sa, pap\u00edr, pap\u00edrterm\u00e9k gy\u00e1rt\u00e1sa, nyomdai \u00e9s egy\u00e9b sokszoros\u00edt\u00e1si tev\u00e9kenys\u00e9g \u00e9s b\u00fatorgy\u00e1rt\u00e1s \u00e1gazatok munkaeg\u00e9szs\u00e9g\u00fcgyi szab\u00e1lyoz\u00e1s\u00e1nak bemutat\u00e1sa, \u00e9rtelmez\u00e9se \u00e9s \u00edgy ir\u00e1nymutat\u00e1s \u00e9s seg\u00edts\u00e9g ny\u00fajt\u00e1sa azok sz\u00e1m\u00e1ra, akik \u00e9rtelmezni szeretn\u00e9k a jogszab\u00e1lyi el\u0151\u00edr\u00e1sokat, eg\u00e9szs\u00e9ges munkahely kialak\u00edt\u00e1s\u00e1ra t\u00f6rekednek, illetve a jogszab\u00e1lyi k\u00f6telezetts\u00e9gnek g\u00f6rd\u00fcl\u00e9kenyen \u00e9s k\u00f6nnyed\u00e9n akarnak eleget tenni. Az \u00e1gazatokban kiemelt fontoss\u00e1g\u00fa a munkaeg\u00e9szs\u00e9g\u00fcgy k\u00e9rd\u00e9sk\u00f6re. Sz\u00e1mos eg\u00e9szs\u00e9gk\u00e1ros\u00edt\u00f3 t\u00e9nyez\u0151 van jelen a munkafolyamatok v\u00e9gz\u00e9se sor\u00e1n, \u00fagy, mint por, rezg\u00e9s, zaj, vegyi anyag \u00e1rtalmak, valamint a pszichoszoci\u00e1lis kock\u00e1zatok. Ennek megfelel\u0151en a munkaeg\u00e9szs\u00e9g\u00fcgyi megel\u0151z\u0151 strat\u00e9gia kidolgoz\u00e1sa \u00e9s megfelel\u0151 v\u00e9grehajt\u00e1sa egy nagyon fontos feladat&#8230;<\/p>\n\n\n<div class=\"wp-block-file\"><a href=\"https:\/\/www.feldolgozoiparibiztonsag.hu\/wp-content\/uploads\/2020\/01\/Fafeldolgoz\u00e1s_\u00c1gazat_munkaeg\u00e9szs\u00e9g\u00fcgyi_tanulm\u00e1ny.pdf\" class=\"wp-block-file__button\" download>Let\u00f6lt\u00e9s<\/a><\/div>\n\n\n\n<hr class=\"wp-block-separator\"\/>\n\n\n<p>\u00a0<\/p>\n<p><strong>Kutat\u00e1si jelent\u00e9s:<\/strong><\/p>\n<p style=\"text-align: justify;\">A projekt c\u00e9lja a munkahelyi eg\u00e9szs\u00e9g\u00fcgy \u00e9s munkabiztons\u00e1g fejleszt\u00e9se, a munkav\u00e1llal\u00f3k \u00e9s munk\u00e1ltat\u00f3k c\u00e9lzott t\u00e1j\u00e9koztat\u00e1sa \u00e9s tudatos\u00edt\u00e1sa, illetve a munkak\u00f6r\u00fclm\u00e9nyek jav\u00edt\u00e1sa a feldolgoz\u00f3ipar, fafeldolgoz\u00e1s (kiv\u00e9ve b\u00fator), fonott\u00e1ru gy\u00e1rt\u00e1sa, pap\u00edr, pap\u00edrterm\u00e9k gy\u00e1rt\u00e1sa, nyomdai \u00e9s egy\u00e9b sokszoros\u00edt\u00e1si tev\u00e9kenys\u00e9g, vegyi anyag \u2013 term\u00e9k gy\u00e1rt\u00e1sa, gy\u00f3gyszergy\u00e1rt\u00e1s nemf\u00e9m \u00e1sv\u00e1nyi term\u00e9k gy\u00e1rt\u00e1sa, valamint a b\u00fatorgy\u00e1rt\u00e1s \u00e1gazatokban \u00e9rdekelt felek r\u00e9sz\u00e9re. A projekt mind a hat konvergencia r\u00e9gi\u00f3ban megval\u00f3sul, m\u00e9gpedig h\u00e1rom, az al\u00e1gazatokban kompetens, illetve reprezentat\u00edv \u00e9rdekk\u00e9pviseleti szervezet k\u00f6zrem\u0171k\u00f6d\u00e9s\u00e9vel. Ezek: \u2013 Magyar Iparsz\u00f6vets\u00e9g (OKISZ) \u2013 Munk\u00e1stan\u00e1csok Orsz\u00e1gos Sz\u00f6vets\u00e9ge (MOSZ) \u2013 \u00c9rtelmis\u00e9gi Szakszervezeti T\u00f6m\u00f6r\u00fcl\u00e9s (\u00c9SZT)&#8230;<\/p>\n\n\n<div class=\"wp-block-file\"><a href=\"https:\/\/www.feldolgozoiparibiztonsag.hu\/wp-content\/uploads\/2019\/12\/534_37_fa_kutatasi_beszamolo-1.pdf\" class=\"wp-block-file__button\" download>Let\u00f6lt\u00e9s<\/a><\/div>\n\n\n\n<p><\/p>\n","protected":false},"excerpt":{"rendered":"<p>\u00a0 Munkabiztons\u00e1gi tanulm\u00e1ny: A tanulm\u00e1ny c\u00e9lja a fafeldolgoz\u00e1s, fonott \u00e1ru gy\u00e1rt\u00e1sa, pap\u00edr, pap\u00edrterm\u00e9k gy\u00e1rt\u00e1sa, nyomdai \u00e9s egy\u00e9b sokszoros\u00edt\u00e1si tev\u00e9kenys\u00e9g \u00e9s b\u00fatorgy\u00e1rt\u00e1s \u00e1gazatok munkabiztons\u00e1gi szempont\u00fa bemutat\u00e1sa&#8230; \u00a0 Munkaeg\u00e9szs\u00e9g\u00fcgyi tanulm\u00e1ny: A tanulm\u00e1ny c\u00e9lja a fafeldolgoz\u00e1s, fonott \u00e1ru gy\u00e1rt\u00e1sa, pap\u00edr, pap\u00edrterm\u00e9k gy\u00e1rt\u00e1sa, nyomdai \u00e9s egy\u00e9b sokszoros\u00edt\u00e1si tev\u00e9kenys\u00e9g \u00e9s b\u00fatorgy\u00e1rt\u00e1s \u00e1gazatok munkaeg\u00e9szs\u00e9g\u00fcgyi szab\u00e1lyoz\u00e1s\u00e1nak bemutat\u00e1sa, \u00e9rtelmez\u00e9se \u00e9s \u00edgy ir\u00e1nymutat\u00e1s \u00e9s seg\u00edts\u00e9g ny\u00fajt\u00e1sa azok sz\u00e1m\u00e1ra, akik \u00e9rtelmezni szeretn\u00e9k a jogszab\u00e1lyi el\u0151\u00edr\u00e1sokat, eg\u00e9szs\u00e9ges munkahely kialak\u00edt\u00e1s\u00e1ra t\u00f6rekednek, illetve a jogszab\u00e1lyi k\u00f6telezetts\u00e9gnek g\u00f6rd\u00fcl\u00e9kenyen \u00e9s k\u00f6nnyed\u00e9n akarnak eleget tenni. Az \u00e1gazatokban kiemelt fontoss\u00e1g\u00fa a munkaeg\u00e9szs\u00e9g\u00fcgy k\u00e9rd\u00e9sk\u00f6re. Sz\u00e1mos eg\u00e9szs\u00e9gk\u00e1ros\u00edt\u00f3 t\u00e9nyez\u0151 van jelen a munkafolyamatok v\u00e9gz\u00e9se sor\u00e1n, \u00fagy, mint por, rezg\u00e9s, zaj, vegyi anyag \u00e1rtalmak, valamint a pszichoszoci\u00e1lis kock\u00e1zatok. Ennek megfelel\u0151en a munkaeg\u00e9szs\u00e9g\u00fcgyi megel\u0151z\u0151 strat\u00e9gia kidolgoz\u00e1sa \u00e9s megfelel\u0151 v\u00e9grehajt\u00e1sa egy nagyon fontos feladat&#8230; \u00a0 Kutat\u00e1si jelent\u00e9s: A projekt c\u00e9lja a munkahelyi eg\u00e9szs\u00e9g\u00fcgy \u00e9s munkabiztons\u00e1g fejleszt\u00e9se, a munkav\u00e1llal\u00f3k \u00e9s munk\u00e1ltat\u00f3k c\u00e9lzott t\u00e1j\u00e9koztat\u00e1sa \u00e9s tudatos\u00edt\u00e1sa, illetve a munkak\u00f6r\u00fclm\u00e9nyek jav\u00edt\u00e1sa a feldolgoz\u00f3ipar, fafeldolgoz\u00e1s (kiv\u00e9ve b\u00fator), fonott\u00e1ru gy\u00e1rt\u00e1sa, pap\u00edr, pap\u00edrterm\u00e9k gy\u00e1rt\u00e1sa, nyomdai \u00e9s egy\u00e9b sokszoros\u00edt\u00e1si tev\u00e9kenys\u00e9g, vegyi anyag \u2013 term\u00e9k gy\u00e1rt\u00e1sa, gy\u00f3gyszergy\u00e1rt\u00e1s nemf\u00e9m \u00e1sv\u00e1nyi term\u00e9k gy\u00e1rt\u00e1sa, valamint a b\u00fatorgy\u00e1rt\u00e1s \u00e1gazatokban \u00e9rdekelt felek r\u00e9sz\u00e9re. A projekt mind a hat konvergencia r\u00e9gi\u00f3ban megval\u00f3sul, m\u00e9gpedig h\u00e1rom, az al\u00e1gazatokban kompetens, illetve reprezentat\u00edv \u00e9rdekk\u00e9pviseleti szervezet k\u00f6zrem\u0171k\u00f6d\u00e9s\u00e9vel. Ezek: \u2013 Magyar Iparsz\u00f6vets\u00e9g (OKISZ) \u2013 Munk\u00e1stan\u00e1csok Orsz\u00e1gos Sz\u00f6vets\u00e9ge (MOSZ) \u2013 \u00c9rtelmis\u00e9gi Szakszervezeti T\u00f6m\u00f6r\u00fcl\u00e9s (\u00c9SZT)&#8230;<\/p>\n","protected":false},"author":2,"featured_media":0,"parent":0,"menu_order":0,"comment_status":"closed","ping_status":"closed","template":"","meta":{"footnotes":""},"class_list":["post-346","page","type-page","status-publish","hentry"],"_links":{"self":[{"href":"https:\/\/www.feldolgozoiparibiztonsag.hu\/index.php\/wp-json\/wp\/v2\/pages\/346","targetHints":{"allow":["GET"]}}],"collection":[{"href":"https:\/\/www.feldolgozoiparibiztonsag.hu\/index.php\/wp-json\/wp\/v2\/pages"}],"about":[{"href":"https:\/\/www.feldolgozoiparibiztonsag.hu\/index.php\/wp-json\/wp\/v2\/types\/page"}],"author":[{"embeddable":true,"href":"https:\/\/www.feldolgozoiparibiztonsag.hu\/index.php\/wp-json\/wp\/v2\/users\/2"}],"replies":[{"embeddable":true,"href":"https:\/\/www.feldolgozoiparibiztonsag.hu\/index.php\/wp-json\/wp\/v2\/comments?post=346"}],"version-history":[{"count":4,"href":"https:\/\/www.feldolgozoiparibiztonsag.hu\/index.php\/wp-json\/wp\/v2\/pages\/346\/revisions"}],"predecessor-version":[{"id":433,"href":"https:\/\/www.feldolgozoiparibiztonsag.hu\/index.php\/wp-json\/wp\/v2\/pages\/346\/revisions\/433"}],"wp:attachment":[{"href":"https:\/\/www.feldolgozoiparibiztonsag.hu\/index.php\/wp-json\/wp\/v2\/media?parent=346"}],"curies":[{"name":"wp","href":"https:\/\/api.w.org\/{rel}","templated":true}]}}