{"id":633,"date":"2020-02-20T09:52:37","date_gmt":"2020-02-20T09:52:37","guid":{"rendered":"http:\/\/www.feldolgozoiparibiztonsag.hu\/?page_id=633"},"modified":"2024-07-16T12:49:56","modified_gmt":"2024-07-16T12:49:56","slug":"egyeb-szakmai-tevekenysegek","status":"publish","type":"page","link":"https:\/\/www.feldolgozoiparibiztonsag.hu\/index.php\/egyeb-szakmai-tevekenysegek\/","title":{"rendered":"Egy\u00e9b szakmai tev\u00e9kenys\u00e9gek"},"content":{"rendered":"<h4 style=\"text-align: justify;\">Kutat\u00e1s<\/h4>\n<p style=\"text-align: justify;\">A projektmegval\u00f3s\u00edt\u00e1s sor\u00e1n kutat\u00e1si tev\u00e9kenys\u00e9g is megval\u00f3sult, hogy a munkabiztons\u00e1g komplex fejleszt\u00e9se sor\u00e1n az egyes al\u00e1gazatokat min\u00e9l sz\u00e9lesebb k\u00f6rben megismerhess\u00fck: milyen pszichoszoci\u00e1lis, ergon\u00f3miai, stb. kock\u00e1zatok vannak jelen az egyes al\u00e1gazatokban, illetve az ezen al\u00e1gazatokba tartoz\u00f3 munkak\u00f6r\u00f6k eset\u00e9ben. A kvantitat\u00edv \u00e9s kvalitat\u00edv m\u00f3dszereket egyar\u00e1nt alkalmaz\u00f3 kutat\u00e1sok c\u00e9lja, hogy a megismert adatok birtok\u00e1ban megfelel\u0151 \u00e9s hat\u00e9kony \u2013 amennyiben \u00e1gazatspecifikusan lehets\u00e9ges -, protokoll\u00e1risszer\u0171 szab\u00e1lyzatok ker\u00fclhessenek kialak\u00edt\u00e1sra mind a munkaeg\u00e9szs\u00e9g\u00fcgy, mind pedig a munkabiztons\u00e1g ter\u00fcletein. A kutat\u00e1s v\u00e9g\u00e9n elk\u00e9sz\u00fclt kutat\u00e1si jelent\u00e9s (besz\u00e1mol\u00f3) r\u00f6gz\u00edti azokat a legfontosabb kutat\u00e1si eredm\u00e9nyeket, amelyeket hasznos\u00edtva biztons\u00e1gosabb\u00e1 tehet\u0151 az \u00e1gazatban dolgoz\u00f3k napi munkav\u00e9gz\u00e9se, valamint munkaer\u0151-piacon tart\u00e1suk hosszabb t\u00e1von oldhat\u00f3 meg.<\/p>\n<p style=\"text-align: justify;\">\n<h4 style=\"text-align: justify;\">Munkav\u00e9delmi k\u00e9pvisel\u0151k \u00e1gazatspecifikus k\u00e9pz\u00e9si tananyag\u00e1nak kidolgoz\u00e1sa<\/h4>\n<p style=\"text-align: justify;\">A munkav\u00e9delmi k\u00e9pvisel\u0151k k\u00e9pz\u00e9si tananyag\u00e1nak kidolgoz\u00e1sakor fontos volt, hogy bevon\u00e1sra ker\u00fcljenek azon \u00e1gazati szerepl\u0151k (pl. v\u00e1llalkoz\u00e1sok, munkav\u00e9delmi- \u00e9s munkaeg\u00e9szs\u00e9g\u00fcgyi szakemberek, stb.) amelyek az \u00e1gazatot illet\u0151en relev\u00e1ns \u00e9s hasznos\u00edthat\u00f3 tud\u00e1ssal rendelkeznek. Ezen szak\u00e9rt\u0151k bevon\u00e1s\u00e1val egy olyan k\u00e9pz\u00e9si tananyag ker\u00fclt kidolgoz\u00e1sra, amely nem csup\u00e1n a munkav\u00e9delmi k\u00e9pvisel\u0151k sz\u00e1m\u00e1ra biztos\u00edt olyan inform\u00e1ci\u00f3kat, melyekkel a p\u00e1ly\u00e1zati felh\u00edv\u00e1sban meghat\u00e1rozott c\u00e9lok el\u00e9rhet\u0151k, hanem alkalmas a munk\u00e1ltat\u00f3k sz\u00e9les k\u00f6r\u00e9ben val\u00f3 terjeszt\u00e9s\u00e9re is.<\/p>\n<p style=\"text-align: justify;\">\n<h4 style=\"text-align: justify;\">Online munkav\u00e9delmi \u00e9s munkaeg\u00e9szs\u00e9g\u00fcgyi eszk\u00f6z\u00f6k fejleszt\u00e9se<\/h4>\n<p style=\"text-align: justify;\">A tev\u00e9kenys\u00e9g r\u00e9v\u00e9n olyan eszk\u00f6z fejleszt\u00e9se val\u00f3sult meg, mely munkav\u00e1llal\u00f3k, munk\u00e1ltat\u00f3k, \u00e9s munkav\u00e9delmi k\u00e9pvisel\u0151k sz\u00e1m\u00e1ra is seg\u00edts\u00e9get jelent a j\u00f6v\u0151ben a mindennapi munkav\u00e9gz\u00e9s sor\u00e1n. A kifejlesztett eszk\u00f6z\u00f6k alkalmaz\u00e1sa hozz\u00e1j\u00e1rul a kock\u00e1zatok cs\u00f6kkent\u00e9s\u00e9hez, a munkahelyi balestek, eg\u00e9szs\u00e9g\u00fcgyi kock\u00e1zatok m\u00e9rs\u00e9kl\u00e9s\u00e9hez.<\/p>\n<p style=\"text-align: justify;\">\n<h4 style=\"text-align: justify;\">Online munkabiztons\u00e1gi \u00e9s munkaeg\u00e9szs\u00e9g\u00fcgyi eszk\u00f6z\u00f6k (IT fejleszt\u00e9s)<\/h4>\n<p style=\"text-align: justify;\">\u00c1gazat-specifikus online munkav\u00e9delmi \u00e9s munkaeg\u00e9szs\u00e9g\u00fcgyi eszk\u00f6z\u00f6kh\u00f6z kapcsol\u00f3d\u00f3 informatikai fejleszt\u00e9s val\u00f3sult meg, mely r\u00e9v\u00e9n l\u00e9trej\u00f6tt egy komplex honlap, mely \u00e1tfog\u00f3 ismereteket (tesztek, tud\u00e1sfelm\u00e9r\u0151k, hasznos inform\u00e1ci\u00f3kat) tartalmaz c\u00e9lcsoport specifikusan. A honlap szakmai anyagainak elk\u00e9sz\u00edt\u00e9s\u00e9ben munkav\u00e9delmi szak\u00e9rt\u0151k, ellen\u0151r\u00f6k vettek r\u00e9szt.<\/p>\n<p>Honlap el\u00e9rhet\u0151s\u00e9ge:<a href=\"http:\/\/www.munkavedelem-feldolgozoipar.hu\/\" target=\"_blank\" rel=\"noopener\"> http:\/\/www.munkavedelem-feldolgozoipar.hu\/<\/a><\/p>\n<p style=\"text-align: justify;\">\n<h4 style=\"text-align: justify;\">Online munkav\u00e9delmi eszk\u00f6z\u00f6k kidolgoz\u00e1sa (tartalomfejleszt\u00e9s)<\/h4>\n<p style=\"text-align: justify;\">Munkabiztons\u00e1gi \u00e9s munkaeg\u00e9szs\u00e9g\u00fcgyi szaktev\u00e9kenys\u00e9g fejleszt\u00e9s\u00e9t t\u00e1mogat\u00f3 online munkav\u00e9delmi eszk\u00f6z\u00f6k k\u00e9sz\u00edt\u00e9se, pl. iratmint\u00e1k, jegyz\u0151k\u00f6nyvmint\u00e1k kidolgoz\u00e1sa, kock\u00e1zat\u00e9rt\u00e9kel\u00e9si m\u00f3dszertanok, fel\u00fclvizsg\u00e1lati adatlapok \u00e9s m\u00f3dszertani \u00fatmutat\u00f3k k\u00e9sz\u00edt\u00e9se, k\u00fcls\u0151 szolg\u00e1ltat\u00f3 \u00e1ltal biztos\u00edtva. Ezen dokumentumokat 2 db \u00f6sszefoglal\u00f3 tanulm\u00e1ny tartalmazza. A tanulm\u00e1nyok k\u00e9t nagy ter\u00fcletre koncentr\u00e1l\u00f3dnak: munkaeg\u00e9szs\u00e9g\u00fcgy \u00e9s munkabiztons\u00e1g.<\/p>\n<p style=\"text-align: justify;\"><em>Az elk\u00e9sz\u00fclt tanulm\u00e1nyok a Szakmai tartalom Tanulm\u00e1nyok men\u00fcpont alatt \u00e9rhet\u0151k el.<\/em><\/p>\n<p style=\"text-align: justify;\">\n<h4 style=\"text-align: justify;\">T\u00e1j\u00e9koztat\u00f3 kiadv\u00e1nyok k\u00e9sz\u00edt\u00e9se<\/h4>\n<p style=\"text-align: justify;\">A projekt k\u00f6zvetlen c\u00e9lcsoportjainak t\u00e1j\u00e9koztat\u00e1s\u00e1hoz fontosak azon kiadv\u00e1nyok, melyek seg\u00edts\u00e9g\u00e9vel \u00faj ismeretekkel k\u00e9zzelfoghat\u00f3 form\u00e1ban szembes\u00fclhetnek az \u00e9rintettek. A projekt sor\u00e1n nyomtatott kiadv\u00e1nyok k\u00e9sz\u00fcltek:<\/p>\n<p style=\"text-align: justify;\">Kiadv\u00e1nyok:<\/p>\n<ul style=\"text-align: justify;\">\n<li>A munkav\u00e9delem szerepe, jelent\u0151s\u00e9ge a munk\u00e1ltat\u00f3 \u00e9s a munkav\u00e1llal\u00f3 szempontj\u00e1b\u00f3l a feldolgoz\u00f3ipari \u00e1gazatban dolgoz\u00f3k \u00e1llom\u00e1ny\u00e1nak k\u00f6r\u00e9ben, a munk\u00e1ltat\u00f3i \u00e9s a munkav\u00e1llal\u00f3i \u00e9rdekk\u00e9pviseletek felel\u0151ss\u00e9ge, teend\u0151i a munkav\u00e9delem ter\u00e9n.<\/li>\n<li>A munkahelyi eg\u00e9szs\u00e9gmeg\u0151rz\u0151, munkak\u00e9pess\u00e9g fejleszt\u0151 programok lehets\u00e9ges tartalma a feldolgoz\u00f3ipari \u00e1gazatban dolgoz\u00f3 \u00e1llom\u00e1ny k\u00f6r\u00e9ben, alkalmaz\u00e1si ter\u00fcleteik, a r\u00e9szv\u00e9telt el\u0151seg\u00edt\u0151, \u00f6szt\u00f6nt\u0151 megold\u00e1sok.<\/li>\n<li>A hat\u00e9konys\u00e1g \u00e9s a munkav\u00e9delem<\/li>\n<li>A feldolgoz\u00f3ipari dolgoz\u00f3k jogainak gyakorl\u00e1s\u00e1hoz, feladataik teljes\u00edt\u00e9s\u00e9hez sz\u00fcks\u00e9ges ismeretek a munkav\u00e9delem<\/li>\n<li>A munkav\u00e9delmi k\u00e9pvisel\u0151k feladatainak \u00f6sszefoglal\u00e1sa<\/li>\n<li>A munkabiztons\u00e1g, prevenci\u00f3, megel\u0151z\u00e9s eszk\u00f6zei a faipari \u00e1gazatban<\/li>\n<\/ul>\n<p style=\"text-align: justify;\"><em>A kiadv\u00e1nyok megtekinthet\u0151ek \u00e9s let\u00f6lthet\u0151ek a Szakmai tartalom Kiadv\u00e1nyok men\u00fcpont alatt.<\/em><\/p>\n<p style=\"text-align: justify;\">\n<h4 style=\"text-align: justify;\">M\u00e9diakamp\u00e1ny<\/h4>\n<p style=\"text-align: justify;\">A megval\u00f3s\u00edt\u00e1s id\u0151szak\u00e1ban a projekt k\u00f6zvetlen c\u00e9lcsoportjainak, illet\u0151leg k\u00f6zvetett \u00e9rintettjeinek el\u00e9r\u00e9se a projekt hat\u00e9konys\u00e1g\u00e1t n\u00f6velte, eredm\u00e9nyeit fokozta. A m\u00e9diakamp\u00e1ny keret\u00e9ben, a k\u00f6telez\u0151 nyilv\u00e1noss\u00e1g biztos\u00edt\u00e1s\u00e1n fel\u00fcl t\u00f6bb f\u00f3rumon is megjelent\u00fcnk (nyit\u00f3 \u00e9s z\u00e1r\u00f3rendezv\u00e9ny, sajt\u00f3k\u00f6zlem\u00e9nyek)<\/p>\n<p style=\"text-align: justify;\">\n<h4 style=\"text-align: justify;\">T\u00e1j\u00e9koztat\u00e1s \u00e9s nyilv\u00e1noss\u00e1g biztos\u00edt\u00e1sa<\/h4>\n<p style=\"text-align: justify;\">A projekt sor\u00e1n jelen honlap k\u00e9sz\u00fclt el, amely c\u00e9lja a projekt f\u0151bb elemeinek bemutat\u00e1sa, az elk\u00e9sz\u00fclt anyagok k\u00f6zz\u00e9t\u00e9tele. Valamint biztos\u00edtottuk a projekt f\u0151bb elemeinek fot\u00f3dokument\u00e1ci\u00f3j\u00e1t, valamint t\u00e1j\u00e9koztat\u00f3 t\u00e1bl\u00e1k is k\u00e9sz\u00fcltek.<\/p>\n<p style=\"text-align: justify;\"><em>A k\u00e9sz\u00fclt fot\u00f3k a Gal\u00e9ria men\u00fcpont alatt tal\u00e1lhat\u00f3ak.<\/em><\/p>\n","protected":false},"excerpt":{"rendered":"<p>Kutat\u00e1s A projektmegval\u00f3s\u00edt\u00e1s sor\u00e1n kutat\u00e1si tev\u00e9kenys\u00e9g is megval\u00f3sult, hogy a munkabiztons\u00e1g komplex fejleszt\u00e9se sor\u00e1n az egyes al\u00e1gazatokat min\u00e9l sz\u00e9lesebb k\u00f6rben megismerhess\u00fck: milyen pszichoszoci\u00e1lis, ergon\u00f3miai, stb. kock\u00e1zatok vannak jelen az egyes al\u00e1gazatokban, illetve az ezen al\u00e1gazatokba tartoz\u00f3 munkak\u00f6r\u00f6k eset\u00e9ben. A kvantitat\u00edv \u00e9s kvalitat\u00edv m\u00f3dszereket egyar\u00e1nt alkalmaz\u00f3 kutat\u00e1sok c\u00e9lja, hogy a megismert adatok birtok\u00e1ban megfelel\u0151 \u00e9s hat\u00e9kony \u2013 amennyiben \u00e1gazatspecifikusan lehets\u00e9ges -, protokoll\u00e1risszer\u0171 szab\u00e1lyzatok ker\u00fclhessenek kialak\u00edt\u00e1sra mind a munkaeg\u00e9szs\u00e9g\u00fcgy, mind pedig a munkabiztons\u00e1g ter\u00fcletein. A kutat\u00e1s v\u00e9g\u00e9n elk\u00e9sz\u00fclt kutat\u00e1si jelent\u00e9s (besz\u00e1mol\u00f3) r\u00f6gz\u00edti azokat a legfontosabb kutat\u00e1si eredm\u00e9nyeket, amelyeket hasznos\u00edtva biztons\u00e1gosabb\u00e1 tehet\u0151 az \u00e1gazatban dolgoz\u00f3k napi munkav\u00e9gz\u00e9se, valamint munkaer\u0151-piacon tart\u00e1suk hosszabb t\u00e1von oldhat\u00f3 meg. Munkav\u00e9delmi k\u00e9pvisel\u0151k \u00e1gazatspecifikus k\u00e9pz\u00e9si tananyag\u00e1nak kidolgoz\u00e1sa A munkav\u00e9delmi k\u00e9pvisel\u0151k k\u00e9pz\u00e9si tananyag\u00e1nak kidolgoz\u00e1sakor fontos volt, hogy bevon\u00e1sra ker\u00fcljenek azon \u00e1gazati szerepl\u0151k (pl. v\u00e1llalkoz\u00e1sok, munkav\u00e9delmi- \u00e9s munkaeg\u00e9szs\u00e9g\u00fcgyi szakemberek, stb.) amelyek az \u00e1gazatot illet\u0151en relev\u00e1ns \u00e9s hasznos\u00edthat\u00f3 tud\u00e1ssal rendelkeznek. Ezen szak\u00e9rt\u0151k bevon\u00e1s\u00e1val egy olyan k\u00e9pz\u00e9si tananyag ker\u00fclt kidolgoz\u00e1sra, amely nem csup\u00e1n a munkav\u00e9delmi k\u00e9pvisel\u0151k sz\u00e1m\u00e1ra biztos\u00edt olyan inform\u00e1ci\u00f3kat, melyekkel a p\u00e1ly\u00e1zati felh\u00edv\u00e1sban meghat\u00e1rozott c\u00e9lok el\u00e9rhet\u0151k, hanem alkalmas a munk\u00e1ltat\u00f3k sz\u00e9les k\u00f6r\u00e9ben val\u00f3 terjeszt\u00e9s\u00e9re is. Online munkav\u00e9delmi \u00e9s munkaeg\u00e9szs\u00e9g\u00fcgyi eszk\u00f6z\u00f6k fejleszt\u00e9se A tev\u00e9kenys\u00e9g r\u00e9v\u00e9n olyan eszk\u00f6z fejleszt\u00e9se val\u00f3sult meg, mely munkav\u00e1llal\u00f3k, munk\u00e1ltat\u00f3k, \u00e9s munkav\u00e9delmi k\u00e9pvisel\u0151k sz\u00e1m\u00e1ra is seg\u00edts\u00e9get jelent a j\u00f6v\u0151ben a mindennapi munkav\u00e9gz\u00e9s sor\u00e1n. A kifejlesztett eszk\u00f6z\u00f6k alkalmaz\u00e1sa hozz\u00e1j\u00e1rul a kock\u00e1zatok cs\u00f6kkent\u00e9s\u00e9hez, a munkahelyi balestek, eg\u00e9szs\u00e9g\u00fcgyi kock\u00e1zatok m\u00e9rs\u00e9kl\u00e9s\u00e9hez. Online munkabiztons\u00e1gi \u00e9s munkaeg\u00e9szs\u00e9g\u00fcgyi eszk\u00f6z\u00f6k (IT fejleszt\u00e9s) \u00c1gazat-specifikus online munkav\u00e9delmi \u00e9s munkaeg\u00e9szs\u00e9g\u00fcgyi eszk\u00f6z\u00f6kh\u00f6z kapcsol\u00f3d\u00f3 informatikai fejleszt\u00e9s val\u00f3sult meg, mely r\u00e9v\u00e9n l\u00e9trej\u00f6tt egy komplex honlap, mely \u00e1tfog\u00f3 ismereteket (tesztek, tud\u00e1sfelm\u00e9r\u0151k, hasznos inform\u00e1ci\u00f3kat) tartalmaz c\u00e9lcsoport specifikusan. A honlap szakmai anyagainak elk\u00e9sz\u00edt\u00e9s\u00e9ben munkav\u00e9delmi szak\u00e9rt\u0151k, ellen\u0151r\u00f6k vettek r\u00e9szt. Honlap el\u00e9rhet\u0151s\u00e9ge: http:\/\/www.munkavedelem-feldolgozoipar.hu\/ Online munkav\u00e9delmi eszk\u00f6z\u00f6k kidolgoz\u00e1sa (tartalomfejleszt\u00e9s) Munkabiztons\u00e1gi \u00e9s munkaeg\u00e9szs\u00e9g\u00fcgyi szaktev\u00e9kenys\u00e9g fejleszt\u00e9s\u00e9t t\u00e1mogat\u00f3 online munkav\u00e9delmi eszk\u00f6z\u00f6k k\u00e9sz\u00edt\u00e9se, pl. iratmint\u00e1k, jegyz\u0151k\u00f6nyvmint\u00e1k kidolgoz\u00e1sa, kock\u00e1zat\u00e9rt\u00e9kel\u00e9si m\u00f3dszertanok, fel\u00fclvizsg\u00e1lati adatlapok \u00e9s m\u00f3dszertani \u00fatmutat\u00f3k k\u00e9sz\u00edt\u00e9se, k\u00fcls\u0151 szolg\u00e1ltat\u00f3 \u00e1ltal biztos\u00edtva. Ezen dokumentumokat 2 db \u00f6sszefoglal\u00f3 tanulm\u00e1ny tartalmazza. A tanulm\u00e1nyok k\u00e9t nagy ter\u00fcletre koncentr\u00e1l\u00f3dnak: munkaeg\u00e9szs\u00e9g\u00fcgy \u00e9s munkabiztons\u00e1g. Az elk\u00e9sz\u00fclt tanulm\u00e1nyok a Szakmai tartalom Tanulm\u00e1nyok men\u00fcpont alatt \u00e9rhet\u0151k el. T\u00e1j\u00e9koztat\u00f3 kiadv\u00e1nyok k\u00e9sz\u00edt\u00e9se A projekt k\u00f6zvetlen c\u00e9lcsoportjainak t\u00e1j\u00e9koztat\u00e1s\u00e1hoz fontosak azon kiadv\u00e1nyok, melyek seg\u00edts\u00e9g\u00e9vel \u00faj ismeretekkel k\u00e9zzelfoghat\u00f3 form\u00e1ban szembes\u00fclhetnek az \u00e9rintettek. A projekt sor\u00e1n nyomtatott kiadv\u00e1nyok k\u00e9sz\u00fcltek: Kiadv\u00e1nyok: A munkav\u00e9delem szerepe, jelent\u0151s\u00e9ge a munk\u00e1ltat\u00f3 \u00e9s a munkav\u00e1llal\u00f3 szempontj\u00e1b\u00f3l a feldolgoz\u00f3ipari \u00e1gazatban dolgoz\u00f3k \u00e1llom\u00e1ny\u00e1nak k\u00f6r\u00e9ben, a munk\u00e1ltat\u00f3i \u00e9s a munkav\u00e1llal\u00f3i \u00e9rdekk\u00e9pviseletek felel\u0151ss\u00e9ge, teend\u0151i a munkav\u00e9delem ter\u00e9n. A munkahelyi eg\u00e9szs\u00e9gmeg\u0151rz\u0151, munkak\u00e9pess\u00e9g fejleszt\u0151 programok lehets\u00e9ges tartalma a feldolgoz\u00f3ipari \u00e1gazatban dolgoz\u00f3 \u00e1llom\u00e1ny k\u00f6r\u00e9ben, alkalmaz\u00e1si ter\u00fcleteik, a r\u00e9szv\u00e9telt el\u0151seg\u00edt\u0151, \u00f6szt\u00f6nt\u0151 megold\u00e1sok. A hat\u00e9konys\u00e1g \u00e9s a munkav\u00e9delem A feldolgoz\u00f3ipari dolgoz\u00f3k jogainak gyakorl\u00e1s\u00e1hoz, feladataik teljes\u00edt\u00e9s\u00e9hez sz\u00fcks\u00e9ges ismeretek a munkav\u00e9delem A munkav\u00e9delmi k\u00e9pvisel\u0151k feladatainak \u00f6sszefoglal\u00e1sa A munkabiztons\u00e1g, prevenci\u00f3, megel\u0151z\u00e9s eszk\u00f6zei a faipari \u00e1gazatban A kiadv\u00e1nyok megtekinthet\u0151ek \u00e9s let\u00f6lthet\u0151ek a Szakmai tartalom Kiadv\u00e1nyok men\u00fcpont alatt. M\u00e9diakamp\u00e1ny A megval\u00f3s\u00edt\u00e1s id\u0151szak\u00e1ban a projekt k\u00f6zvetlen c\u00e9lcsoportjainak, illet\u0151leg k\u00f6zvetett \u00e9rintettjeinek el\u00e9r\u00e9se a projekt hat\u00e9konys\u00e1g\u00e1t n\u00f6velte, eredm\u00e9nyeit fokozta. A m\u00e9diakamp\u00e1ny keret\u00e9ben, a k\u00f6telez\u0151 nyilv\u00e1noss\u00e1g biztos\u00edt\u00e1s\u00e1n fel\u00fcl t\u00f6bb f\u00f3rumon is megjelent\u00fcnk (nyit\u00f3 \u00e9s z\u00e1r\u00f3rendezv\u00e9ny, sajt\u00f3k\u00f6zlem\u00e9nyek) T\u00e1j\u00e9koztat\u00e1s \u00e9s nyilv\u00e1noss\u00e1g biztos\u00edt\u00e1sa A projekt sor\u00e1n jelen honlap k\u00e9sz\u00fclt el, amely c\u00e9lja a projekt f\u0151bb elemeinek bemutat\u00e1sa, az elk\u00e9sz\u00fclt anyagok k\u00f6zz\u00e9t\u00e9tele. Valamint biztos\u00edtottuk a projekt f\u0151bb elemeinek fot\u00f3dokument\u00e1ci\u00f3j\u00e1t, valamint t\u00e1j\u00e9koztat\u00f3 t\u00e1bl\u00e1k is k\u00e9sz\u00fcltek. A k\u00e9sz\u00fclt fot\u00f3k a Gal\u00e9ria men\u00fcpont alatt tal\u00e1lhat\u00f3ak.<\/p>\n","protected":false},"author":2,"featured_media":0,"parent":0,"menu_order":0,"comment_status":"closed","ping_status":"closed","template":"","meta":{"footnotes":""},"class_list":["post-633","page","type-page","status-publish","hentry"],"_links":{"self":[{"href":"https:\/\/www.feldolgozoiparibiztonsag.hu\/index.php\/wp-json\/wp\/v2\/pages\/633","targetHints":{"allow":["GET"]}}],"collection":[{"href":"https:\/\/www.feldolgozoiparibiztonsag.hu\/index.php\/wp-json\/wp\/v2\/pages"}],"about":[{"href":"https:\/\/www.feldolgozoiparibiztonsag.hu\/index.php\/wp-json\/wp\/v2\/types\/page"}],"author":[{"embeddable":true,"href":"https:\/\/www.feldolgozoiparibiztonsag.hu\/index.php\/wp-json\/wp\/v2\/users\/2"}],"replies":[{"embeddable":true,"href":"https:\/\/www.feldolgozoiparibiztonsag.hu\/index.php\/wp-json\/wp\/v2\/comments?post=633"}],"version-history":[{"count":5,"href":"https:\/\/www.feldolgozoiparibiztonsag.hu\/index.php\/wp-json\/wp\/v2\/pages\/633\/revisions"}],"predecessor-version":[{"id":643,"href":"https:\/\/www.feldolgozoiparibiztonsag.hu\/index.php\/wp-json\/wp\/v2\/pages\/633\/revisions\/643"}],"wp:attachment":[{"href":"https:\/\/www.feldolgozoiparibiztonsag.hu\/index.php\/wp-json\/wp\/v2\/media?parent=633"}],"curies":[{"name":"wp","href":"https:\/\/api.w.org\/{rel}","templated":true}]}}