{"id":7,"date":"2018-11-13T14:57:23","date_gmt":"2018-11-13T14:57:23","guid":{"rendered":"http:\/\/www.feldolgozoiparibiztonsag.hu\/?page_id=7"},"modified":"2024-07-16T12:55:22","modified_gmt":"2024-07-16T12:55:22","slug":"hirek","status":"publish","type":"page","link":"https:\/\/www.feldolgozoiparibiztonsag.hu\/index.php\/hirek\/","title":{"rendered":"H\u00edrek"},"content":{"rendered":"<h4>&nbsp;<\/h4>\n<h5 style=\"text-align: left;\"><span style=\"color: #333333;\">Sajt\u00f3k\u00f6zlem\u00e9ny:<\/span><\/h5>\n\n\n<div class=\"wp-block-file aligncenter\"><a href=\"https:\/\/www.feldolgozoiparibiztonsag.hu\/wp-content\/uploads\/2020\/02\/GINOP_534_00037_feldolgozoipar_sajtokozlemeny_20191126.pdf\" class=\"wp-block-file__button\" download>Let\u00f6lt\u00e9s<\/a><\/div>\n\n\n\n<hr class=\"wp-block-separator\"\/>\n\n\n<h5 style=\"text-align: left;\"><span style=\"color: #333333;\">Nyit\u00f3 sajt\u00f3t\u00e1j\u00e9koztat\u00f3 prezent\u00e1ci\u00f3:<\/span><\/h5>\n\n\n<div class=\"wp-block-file aligncenter\"><a href=\"https:\/\/www.feldolgozoiparibiztonsag.hu\/wp-content\/uploads\/2020\/02\/GINOP_534_00037_fafeldolgozas_ppt_20180808.pptx\" class=\"wp-block-file__button\" download>Let\u00f6lt\u00e9s<\/a><\/div>\n\n\n\n<hr class=\"wp-block-separator\"\/>\n\n\n<h5 style=\"text-align: left;\"><span style=\"color: #333333;\">Sajt\u00f3nyilv\u00e1nos projektz\u00e1r\u00f3 rendezv\u00e9ny:<\/span><\/h5>\n\n\n<div class=\"wp-block-file aligncenter\"><a href=\"https:\/\/www.feldolgozoiparibiztonsag.hu\/wp-content\/uploads\/2020\/02\/GINOP_534_00037_feldolgozoipar_fotodok_20191126-2.pdf\" class=\"wp-block-file__button\" download>Let\u00f6lt\u00e9s<\/a><\/div>\n","protected":false},"excerpt":{"rendered":"<p>&nbsp; Sajt\u00f3k\u00f6zlem\u00e9ny: Nyit\u00f3 sajt\u00f3t\u00e1j\u00e9koztat\u00f3 prezent\u00e1ci\u00f3: Sajt\u00f3nyilv\u00e1nos projektz\u00e1r\u00f3 rendezv\u00e9ny:<\/p>\n","protected":false},"author":2,"featured_media":0,"parent":0,"menu_order":0,"comment_status":"closed","ping_status":"closed","template":"","meta":{"footnotes":""},"class_list":["post-7","page","type-page","status-publish","hentry"],"_links":{"self":[{"href":"https:\/\/www.feldolgozoiparibiztonsag.hu\/index.php\/wp-json\/wp\/v2\/pages\/7","targetHints":{"allow":["GET"]}}],"collection":[{"href":"https:\/\/www.feldolgozoiparibiztonsag.hu\/index.php\/wp-json\/wp\/v2\/pages"}],"about":[{"href":"https:\/\/www.feldolgozoiparibiztonsag.hu\/index.php\/wp-json\/wp\/v2\/types\/page"}],"author":[{"embeddable":true,"href":"https:\/\/www.feldolgozoiparibiztonsag.hu\/index.php\/wp-json\/wp\/v2\/users\/2"}],"replies":[{"embeddable":true,"href":"https:\/\/www.feldolgozoiparibiztonsag.hu\/index.php\/wp-json\/wp\/v2\/comments?post=7"}],"version-history":[{"count":15,"href":"https:\/\/www.feldolgozoiparibiztonsag.hu\/index.php\/wp-json\/wp\/v2\/pages\/7\/revisions"}],"predecessor-version":[{"id":657,"href":"https:\/\/www.feldolgozoiparibiztonsag.hu\/index.php\/wp-json\/wp\/v2\/pages\/7\/revisions\/657"}],"wp:attachment":[{"href":"https:\/\/www.feldolgozoiparibiztonsag.hu\/index.php\/wp-json\/wp\/v2\/media?parent=7"}],"curies":[{"name":"wp","href":"https:\/\/api.w.org\/{rel}","templated":true}]}}